{"id":2964,"date":"2024-08-06T13:57:36","date_gmt":"2024-08-06T18:57:36","guid":{"rendered":"https:\/\/angelazoabogados.com\/pe\/?page_id=2964"},"modified":"2026-03-31T16:46:04","modified_gmt":"2026-03-31T21:46:04","slug":"publicaciones","status":"publish","type":"page","link":"https:\/\/angellazoabogados.com\/pe\/publicaciones\/","title":{"rendered":"Publicaciones"},"content":{"rendered":"\n<div class=\"wp-block-uagb-container uagb-block-7c2ac0da alignfull uagb-is-root-container\"><div class=\"uagb-container-inner-blocks-wrap\">\n<div class=\"wp-block-uagb-info-box uagb-block-289ebb38 uagb-infobox__content-wrap  uagb-infobox-icon-above-title uagb-infobox-image-valign-top\"><div class=\"uagb-ifb-content\"><div class=\"uagb-ifb-title-wrap\"><div class=\"uagb-ifb-separator\"><\/div><h2 class=\"uagb-ifb-title\"><strong>RECONOCIMIENTOS Y PUBLICACIONES<\/strong><br><strong>DESTACADAS DE NUESTRA FIRMA<\/strong><\/h2><\/div><p class=\"uagb-ifb-desc\">La trascendencia, importancia y victoria de m\u00faltiples casos de nuestra firma legal ha sido objeto de publicaci\u00f3n en los portales m\u00e1s importantes del Per\u00fa.<br>Asimismo, el aporte y trabajo acad\u00e9mico de nuestros integrantes ha sido objeto de publicaci\u00f3n en las revistas y portales jur\u00eddicos m\u00e1s importantes de nuestro pa\u00eds.<\/p><\/div><\/div>\n<\/div><\/div>\n\n\n<ul style=\"padding-top:0;padding-bottom:0;\" class=\"wp-block-latest-posts__list is-grid columns-4 has-link-color wp-elements-f8af424eb6009e818d59af4eb89b4a64 wp-block-latest-posts has-text-color has-black-color\"><li><div class=\"wp-block-latest-posts__featured-image\"><img loading=\"lazy\" decoding=\"async\" width=\"300\" height=\"123\" src=\"https:\/\/angellazoabogados.com\/pe\/wp-content\/uploads\/2024\/08\/\ud835\udc77\ud835\udc76\ud835\udc6b\ud835\udc6c\ud835\udc79-\ud835\udc71\ud835\udc7c\ud835\udc6b\ud835\udc70\ud835\udc6a\ud835\udc70\ud835\udc68\ud835\udc73-\ud835\udc76\ud835\udc79\ud835\udc6b\ud835\udc6c\ud835\udc75\ud835\udc68-\ud835\udc75\ud835\udc7c\ud835\udc6c\ud835\udc7d\ud835\udc76-\ud835\udc6a\ud835\udc68\ud835\udc73\ud835\udc6a\ud835\udc7c\ud835\udc73\ud835\udc76-\ud835\udc6b\ud835\udc6c-\ud835\udc77\ud835\udc6c\ud835\udc75\ud835\udc7a\ud835\udc70\ud835\udc76\ud835\udc75\ud835\udc6c\ud835\udc7a-300x123.jpeg\" class=\"attachment-medium size-medium wp-post-image\" alt=\"\" style=\"\" srcset=\"https:\/\/angellazoabogados.com\/pe\/wp-content\/uploads\/2024\/08\/\ud835\udc77\ud835\udc76\ud835\udc6b\ud835\udc6c\ud835\udc79-\ud835\udc71\ud835\udc7c\ud835\udc6b\ud835\udc70\ud835\udc6a\ud835\udc70\ud835\udc68\ud835\udc73-\ud835\udc76\ud835\udc79\ud835\udc6b\ud835\udc6c\ud835\udc75\ud835\udc68-\ud835\udc75\ud835\udc7c\ud835\udc6c\ud835\udc7d\ud835\udc76-\ud835\udc6a\ud835\udc68\ud835\udc73\ud835\udc6a\ud835\udc7c\ud835\udc73\ud835\udc76-\ud835\udc6b\ud835\udc6c-\ud835\udc77\ud835\udc6c\ud835\udc75\ud835\udc7a\ud835\udc70\ud835\udc76\ud835\udc75\ud835\udc6c\ud835\udc7a-300x123.jpeg 300w, https:\/\/angellazoabogados.com\/pe\/wp-content\/uploads\/2024\/08\/\ud835\udc77\ud835\udc76\ud835\udc6b\ud835\udc6c\ud835\udc79-\ud835\udc71\ud835\udc7c\ud835\udc6b\ud835\udc70\ud835\udc6a\ud835\udc70\ud835\udc68\ud835\udc73-\ud835\udc76\ud835\udc79\ud835\udc6b\ud835\udc6c\ud835\udc75\ud835\udc68-\ud835\udc75\ud835\udc7c\ud835\udc6c\ud835\udc7d\ud835\udc76-\ud835\udc6a\ud835\udc68\ud835\udc73\ud835\udc6a\ud835\udc7c\ud835\udc73\ud835\udc76-\ud835\udc6b\ud835\udc6c-\ud835\udc77\ud835\udc6c\ud835\udc75\ud835\udc7a\ud835\udc70\ud835\udc76\ud835\udc75\ud835\udc6c\ud835\udc7a-1024x420.jpeg 1024w, https:\/\/angellazoabogados.com\/pe\/wp-content\/uploads\/2024\/08\/\ud835\udc77\ud835\udc76\ud835\udc6b\ud835\udc6c\ud835\udc79-\ud835\udc71\ud835\udc7c\ud835\udc6b\ud835\udc70\ud835\udc6a\ud835\udc70\ud835\udc68\ud835\udc73-\ud835\udc76\ud835\udc79\ud835\udc6b\ud835\udc6c\ud835\udc75\ud835\udc68-\ud835\udc75\ud835\udc7c\ud835\udc6c\ud835\udc7d\ud835\udc76-\ud835\udc6a\ud835\udc68\ud835\udc73\ud835\udc6a\ud835\udc7c\ud835\udc73\ud835\udc76-\ud835\udc6b\ud835\udc6c-\ud835\udc77\ud835\udc6c\ud835\udc75\ud835\udc7a\ud835\udc70\ud835\udc76\ud835\udc75\ud835\udc6c\ud835\udc7a-768x315.jpeg 768w, https:\/\/angellazoabogados.com\/pe\/wp-content\/uploads\/2024\/08\/\ud835\udc77\ud835\udc76\ud835\udc6b\ud835\udc6c\ud835\udc79-\ud835\udc71\ud835\udc7c\ud835\udc6b\ud835\udc70\ud835\udc6a\ud835\udc70\ud835\udc68\ud835\udc73-\ud835\udc76\ud835\udc79\ud835\udc6b\ud835\udc6c\ud835\udc75\ud835\udc68-\ud835\udc75\ud835\udc7c\ud835\udc6c\ud835\udc7d\ud835\udc76-\ud835\udc6a\ud835\udc68\ud835\udc73\ud835\udc6a\ud835\udc7c\ud835\udc73\ud835\udc76-\ud835\udc6b\ud835\udc6c-\ud835\udc77\ud835\udc6c\ud835\udc75\ud835\udc7a\ud835\udc70\ud835\udc76\ud835\udc75\ud835\udc6c\ud835\udc7a.jpeg 1080w\" sizes=\"auto, (max-width: 300px) 100vw, 300px\" \/><\/div><a class=\"wp-block-latest-posts__post-title\" href=\"https:\/\/angellazoabogados.com\/pe\/%f0%9d%91%b7%f0%9d%91%b6%f0%9d%91%ab%f0%9d%91%ac%f0%9d%91%b9-%f0%9d%91%b1%f0%9d%91%bc%f0%9d%91%ab%f0%9d%91%b0%f0%9d%91%aa%f0%9d%91%b0%f0%9d%91%a8%f0%9d%91%b3-%f0%9d%91%b6%f0%9d%91%b9%f0%9d%91%ab\/\">Poder Judicial ordena nuevo c\u00e1lculo de pensiones sobre remuneraciones homologadas, pago de devengados, pago continuo de nueva pensi\u00f3n e intereses legales de cesantes de la UNHEVAL<\/a><\/li>\n<li><div class=\"wp-block-latest-posts__featured-image\"><img loading=\"lazy\" decoding=\"async\" width=\"300\" height=\"158\" src=\"https:\/\/angellazoabogados.com\/pe\/wp-content\/uploads\/2024\/08\/CAS-reponen-provisionalmente-a-trabajadores-via-medida-cautelar-y-suspenden-concurso-Exp.-00738-2022-87-JR-LA-300x158.png\" class=\"attachment-medium size-medium wp-post-image\" alt=\"\" style=\"\" srcset=\"https:\/\/angellazoabogados.com\/pe\/wp-content\/uploads\/2024\/08\/CAS-reponen-provisionalmente-a-trabajadores-via-medida-cautelar-y-suspenden-concurso-Exp.-00738-2022-87-JR-LA-300x158.png 300w, https:\/\/angellazoabogados.com\/pe\/wp-content\/uploads\/2024\/08\/CAS-reponen-provisionalmente-a-trabajadores-via-medida-cautelar-y-suspenden-concurso-Exp.-00738-2022-87-JR-LA-1024x538.png 1024w, https:\/\/angellazoabogados.com\/pe\/wp-content\/uploads\/2024\/08\/CAS-reponen-provisionalmente-a-trabajadores-via-medida-cautelar-y-suspenden-concurso-Exp.-00738-2022-87-JR-LA-768x403.png 768w, https:\/\/angellazoabogados.com\/pe\/wp-content\/uploads\/2024\/08\/CAS-reponen-provisionalmente-a-trabajadores-via-medida-cautelar-y-suspenden-concurso-Exp.-00738-2022-87-JR-LA.png 1200w\" sizes=\"auto, (max-width: 300px) 100vw, 300px\" \/><\/div><a class=\"wp-block-latest-posts__post-title\" href=\"https:\/\/angellazoabogados.com\/pe\/cas-reponen-provisionalmente-a-trabajadores-via-medida-cautelar-y-suspenden-concurso-exp-00738-2022-87-jr-la\/\">CAS: reponen provisionalmente a trabajadores v\u00eda medida cautelar y suspenden concurso [Exp. 00738-2022-87-JR-LA]<\/a><\/li>\n<li><div class=\"wp-block-latest-posts__featured-image\"><img loading=\"lazy\" decoding=\"async\" width=\"300\" height=\"158\" src=\"https:\/\/angellazoabogados.com\/pe\/wp-content\/uploads\/2024\/08\/Ministerio-Publico-Peru-fachada-MP-fiscalia-nacion-LPDerecho-300x158.jpg\" class=\"attachment-medium size-medium wp-post-image\" alt=\"\" style=\"\" srcset=\"https:\/\/angellazoabogados.com\/pe\/wp-content\/uploads\/2024\/08\/Ministerio-Publico-Peru-fachada-MP-fiscalia-nacion-LPDerecho-300x158.jpg 300w, https:\/\/angellazoabogados.com\/pe\/wp-content\/uploads\/2024\/08\/Ministerio-Publico-Peru-fachada-MP-fiscalia-nacion-LPDerecho-1024x538.jpg 1024w, https:\/\/angellazoabogados.com\/pe\/wp-content\/uploads\/2024\/08\/Ministerio-Publico-Peru-fachada-MP-fiscalia-nacion-LPDerecho-768x403.jpg 768w, https:\/\/angellazoabogados.com\/pe\/wp-content\/uploads\/2024\/08\/Ministerio-Publico-Peru-fachada-MP-fiscalia-nacion-LPDerecho.jpg 1200w\" sizes=\"auto, (max-width: 300px) 100vw, 300px\" \/><\/div><a class=\"wp-block-latest-posts__post-title\" href=\"https:\/\/angellazoabogados.com\/pe\/pj-impone-al-ministerio-publico-indemnizacion-de-s-460-500-por-no-pagar-renta-donde-funcionaban-sus-oficinas\/\">PJ impone al Ministerio P\u00fablico indemnizaci\u00f3n de S\/460 500 por no pagar renta donde funcionaban sus oficinas<\/a><\/li>\n<li><div class=\"wp-block-latest-posts__featured-image\"><img loading=\"lazy\" decoding=\"async\" width=\"300\" height=\"157\" src=\"https:\/\/angellazoabogados.com\/pe\/wp-content\/uploads\/2024\/08\/Reconocen-derechos-violados-a-auxiliar-judicial-a-quien-hicieron-realizar-labores-como-asistente-de-juez-Exp.-01257-2019-300x157.jpg\" class=\"attachment-medium size-medium wp-post-image\" alt=\"\" style=\"\" srcset=\"https:\/\/angellazoabogados.com\/pe\/wp-content\/uploads\/2024\/08\/Reconocen-derechos-violados-a-auxiliar-judicial-a-quien-hicieron-realizar-labores-como-asistente-de-juez-Exp.-01257-2019-300x157.jpg 300w, https:\/\/angellazoabogados.com\/pe\/wp-content\/uploads\/2024\/08\/Reconocen-derechos-violados-a-auxiliar-judicial-a-quien-hicieron-realizar-labores-como-asistente-de-juez-Exp.-01257-2019-1024x535.jpg 1024w, https:\/\/angellazoabogados.com\/pe\/wp-content\/uploads\/2024\/08\/Reconocen-derechos-violados-a-auxiliar-judicial-a-quien-hicieron-realizar-labores-como-asistente-de-juez-Exp.-01257-2019-768x401.jpg 768w, https:\/\/angellazoabogados.com\/pe\/wp-content\/uploads\/2024\/08\/Reconocen-derechos-violados-a-auxiliar-judicial-a-quien-hicieron-realizar-labores-como-asistente-de-juez-Exp.-01257-2019.jpg 1200w\" sizes=\"auto, (max-width: 300px) 100vw, 300px\" \/><\/div><a class=\"wp-block-latest-posts__post-title\" href=\"https:\/\/angellazoabogados.com\/pe\/reconocen-derechos-violados-a-auxiliar-judicial-a-quien-hicieron-realizar-labores-como-asistente-de-juez-exp-01257-2019\/\">Reconocen derechos violados a auxiliar judicial a quien hicieron realizar labores como asistente de juez [Exp. 01257-2019]<\/a><\/li>\n<li><div class=\"wp-block-latest-posts__featured-image\"><img loading=\"lazy\" decoding=\"async\" width=\"300\" height=\"157\" src=\"https:\/\/angellazoabogados.com\/pe\/wp-content\/uploads\/2024\/08\/Ordenan-ingresar-a-regimen-728-a-trabajador-por-invalidez-de-contratacion-CAS-tras-desnaturalizarse-contratos-de-locacion-de-servicios-Exp.-464-2018-300x157.jpg\" class=\"attachment-medium size-medium wp-post-image\" alt=\"\" style=\"\" srcset=\"https:\/\/angellazoabogados.com\/pe\/wp-content\/uploads\/2024\/08\/Ordenan-ingresar-a-regimen-728-a-trabajador-por-invalidez-de-contratacion-CAS-tras-desnaturalizarse-contratos-de-locacion-de-servicios-Exp.-464-2018-300x157.jpg 300w, https:\/\/angellazoabogados.com\/pe\/wp-content\/uploads\/2024\/08\/Ordenan-ingresar-a-regimen-728-a-trabajador-por-invalidez-de-contratacion-CAS-tras-desnaturalizarse-contratos-de-locacion-de-servicios-Exp.-464-2018.jpg 735w\" sizes=\"auto, (max-width: 300px) 100vw, 300px\" \/><\/div><a class=\"wp-block-latest-posts__post-title\" href=\"https:\/\/angellazoabogados.com\/pe\/ordenan-ingresar-a-regimen-728-a-trabajador-por-invalidez-de-contratacion-cas-tras-desnaturalizarse-contratos-de-locacion-de-servicios-exp-464-2018\/\">Ordenan ingresar a r\u00e9gimen 728 a trabajador por invalidez de contrataci\u00f3n CAS tras desnaturalizarse contratos de locaci\u00f3n de servicios\u00a0[Exp. 464-2018]<\/a><\/li>\n<li><div class=\"wp-block-latest-posts__featured-image\"><img loading=\"lazy\" decoding=\"async\" width=\"300\" height=\"158\" src=\"https:\/\/angellazoabogados.com\/pe\/wp-content\/uploads\/2024\/08\/La-verdadera-distincion-entre-prescripcion-y-caducidad-LP-300x158.png\" class=\"attachment-medium size-medium wp-post-image\" alt=\"\" style=\"\" srcset=\"https:\/\/angellazoabogados.com\/pe\/wp-content\/uploads\/2024\/08\/La-verdadera-distincion-entre-prescripcion-y-caducidad-LP-300x158.png 300w, https:\/\/angellazoabogados.com\/pe\/wp-content\/uploads\/2024\/08\/La-verdadera-distincion-entre-prescripcion-y-caducidad-LP-1024x538.png 1024w, https:\/\/angellazoabogados.com\/pe\/wp-content\/uploads\/2024\/08\/La-verdadera-distincion-entre-prescripcion-y-caducidad-LP-768x403.png 768w, https:\/\/angellazoabogados.com\/pe\/wp-content\/uploads\/2024\/08\/La-verdadera-distincion-entre-prescripcion-y-caducidad-LP.png 1200w\" sizes=\"auto, (max-width: 300px) 100vw, 300px\" \/><\/div><a class=\"wp-block-latest-posts__post-title\" href=\"https:\/\/angellazoabogados.com\/pe\/la-verdadera-distincion-entre-prescripcion-y-caducidad\/\">La verdadera distinci\u00f3n entre prescripci\u00f3n y caducidad<\/a><\/li>\n<li><div class=\"wp-block-latest-posts__featured-image\"><img loading=\"lazy\" decoding=\"async\" width=\"300\" height=\"158\" src=\"https:\/\/angellazoabogados.com\/pe\/wp-content\/uploads\/2024\/08\/Es-lo-mismo-indemnizacion-que-resarcimiento-derecho-civil-LP-300x158.png\" class=\"attachment-medium size-medium wp-post-image\" alt=\"\" style=\"\" srcset=\"https:\/\/angellazoabogados.com\/pe\/wp-content\/uploads\/2024\/08\/Es-lo-mismo-indemnizacion-que-resarcimiento-derecho-civil-LP-300x158.png 300w, https:\/\/angellazoabogados.com\/pe\/wp-content\/uploads\/2024\/08\/Es-lo-mismo-indemnizacion-que-resarcimiento-derecho-civil-LP-1024x538.png 1024w, https:\/\/angellazoabogados.com\/pe\/wp-content\/uploads\/2024\/08\/Es-lo-mismo-indemnizacion-que-resarcimiento-derecho-civil-LP-768x403.png 768w, https:\/\/angellazoabogados.com\/pe\/wp-content\/uploads\/2024\/08\/Es-lo-mismo-indemnizacion-que-resarcimiento-derecho-civil-LP.png 1068w\" sizes=\"auto, (max-width: 300px) 100vw, 300px\" \/><\/div><a class=\"wp-block-latest-posts__post-title\" href=\"https:\/\/angellazoabogados.com\/pe\/es-lo-mismo-indemnizacion-que-resarcimiento\/\">\u00bfEs lo mismo indemnizaci\u00f3n que resarcimiento?<\/a><\/li>\n<li><div class=\"wp-block-latest-posts__featured-image\"><img loading=\"lazy\" decoding=\"async\" width=\"300\" height=\"158\" src=\"https:\/\/angellazoabogados.com\/pe\/wp-content\/uploads\/2024\/08\/la-defensa-posesoria-extrajudicial-autotutela-posesoria-LP-300x158.jpg\" class=\"attachment-medium size-medium wp-post-image\" alt=\"\" style=\"\" srcset=\"https:\/\/angellazoabogados.com\/pe\/wp-content\/uploads\/2024\/08\/la-defensa-posesoria-extrajudicial-autotutela-posesoria-LP-300x158.jpg 300w, https:\/\/angellazoabogados.com\/pe\/wp-content\/uploads\/2024\/08\/la-defensa-posesoria-extrajudicial-autotutela-posesoria-LP-1024x538.jpg 1024w, https:\/\/angellazoabogados.com\/pe\/wp-content\/uploads\/2024\/08\/la-defensa-posesoria-extrajudicial-autotutela-posesoria-LP-768x403.jpg 768w, https:\/\/angellazoabogados.com\/pe\/wp-content\/uploads\/2024\/08\/la-defensa-posesoria-extrajudicial-autotutela-posesoria-LP.jpg 1200w\" sizes=\"auto, (max-width: 300px) 100vw, 300px\" \/><\/div><a class=\"wp-block-latest-posts__post-title\" href=\"https:\/\/angellazoabogados.com\/pe\/que-es-la-defensa-posesoria-extrajudicial\/\">\u00bfQu\u00e9 es la defensa posesoria extrajudicial?<\/a><\/li>\n<li><div class=\"wp-block-latest-posts__featured-image\"><img loading=\"lazy\" decoding=\"async\" width=\"300\" height=\"157\" src=\"https:\/\/angellazoabogados.com\/pe\/wp-content\/uploads\/2024\/08\/\u00bfEn-que-consiste-la-accion-pauliana-300x157.jpg\" class=\"attachment-medium size-medium wp-post-image\" alt=\"\" style=\"\" srcset=\"https:\/\/angellazoabogados.com\/pe\/wp-content\/uploads\/2024\/08\/\u00bfEn-que-consiste-la-accion-pauliana-300x157.jpg 300w, https:\/\/angellazoabogados.com\/pe\/wp-content\/uploads\/2024\/08\/\u00bfEn-que-consiste-la-accion-pauliana-1024x536.jpg 1024w, https:\/\/angellazoabogados.com\/pe\/wp-content\/uploads\/2024\/08\/\u00bfEn-que-consiste-la-accion-pauliana-768x402.jpg 768w, https:\/\/angellazoabogados.com\/pe\/wp-content\/uploads\/2024\/08\/\u00bfEn-que-consiste-la-accion-pauliana.jpg 1198w\" sizes=\"auto, (max-width: 300px) 100vw, 300px\" \/><\/div><a class=\"wp-block-latest-posts__post-title\" href=\"https:\/\/angellazoabogados.com\/pe\/en-que-consiste-la-accion-pauliana\/\">\u00bfEn qu\u00e9 consiste la acci\u00f3n pauliana?<\/a><\/li>\n<li><div class=\"wp-block-latest-posts__featured-image\"><img loading=\"lazy\" decoding=\"async\" width=\"300\" height=\"157\" src=\"https:\/\/angellazoabogados.com\/pe\/wp-content\/uploads\/2024\/08\/Fiorella-Pastrana-Espinal-LP-DERECHO-300x157.png\" class=\"attachment-medium size-medium wp-post-image\" alt=\"\" style=\"\" srcset=\"https:\/\/angellazoabogados.com\/pe\/wp-content\/uploads\/2024\/08\/Fiorella-Pastrana-Espinal-LP-DERECHO-300x157.png 300w, https:\/\/angellazoabogados.com\/pe\/wp-content\/uploads\/2024\/08\/Fiorella-Pastrana-Espinal-LP-DERECHO-1024x535.png 1024w, https:\/\/angellazoabogados.com\/pe\/wp-content\/uploads\/2024\/08\/Fiorella-Pastrana-Espinal-LP-DERECHO-768x401.png 768w, https:\/\/angellazoabogados.com\/pe\/wp-content\/uploads\/2024\/08\/Fiorella-Pastrana-Espinal-LP-DERECHO.png 1200w\" sizes=\"auto, (max-width: 300px) 100vw, 300px\" \/><\/div><a class=\"wp-block-latest-posts__post-title\" href=\"https:\/\/angellazoabogados.com\/pe\/en-que-se-distinguen-la-carga-y-el-gravamen\/\">\u00bfEn qu\u00e9 se distinguen la carga y el gravamen?<\/a><\/li>\n<\/ul>\n\n\n<div class=\"wp-block-uagb-container uagb-block-5f4b3bbb alignfull uagb-is-root-container\"><div class=\"uagb-container-inner-blocks-wrap\">\n<div class=\"wp-block-uagb-advanced-heading uagb-block-a4dd473c\"><div class=\"uagb-separator\"><\/div><h2 class=\"uagb-heading-text\"><a href=\"https:\/\/angellazoabogados.com\/pe\/nuestras-conferencias\/\">NUESTRAS CONFERENCIAS LEGALE<\/a>S<\/h2><\/div>\n\n\n\n<div class=\"wp-block-uagb-container uagb-block-8cffc15a alignfull uagb-is-root-container\"><div class=\"uagb-container-inner-blocks-wrap\">\n<div class=\"wp-block-uagb-container uagb-block-adc621b0\">\n<div class=\"wp-block-uagb-advanced-heading uagb-block-c891ccd7\"><\/div>\n\n\n\n<iframe loading=\"lazy\" src=\"https:\/\/www.facebook.com\/plugins\/video.php?height=314&amp;href=https%3A%2F%2Fwww.facebook.com%2FColegioMedicodelPeru%2Fvideos%2F1124392721933016%2F&amp;show_text=false&amp;width=560&amp;t=0\" width=\"560\" height=\"314\" style=\"border:none;overflow:hidden\" scrolling=\"no\" frameborder=\"0\" allowfullscreen=\"true\" allow=\"autoplay; clipboard-write; encrypted-media; picture-in-picture; web-share\"><\/iframe>\n<\/div>\n\n\n\n<div class=\"wp-block-uagb-container uagb-block-a44d8c1d\">\n<div class=\"wp-block-uagb-advanced-heading uagb-block-e34f8d54\"><\/div>\n\n\n\n<iframe loading=\"lazy\" src=\"https:\/\/www.facebook.com\/plugins\/video.php?height=314&#038;href=https%3A%2F%2Fwww.facebook.com%2F104075654639848%2Fvideos%2F710044570329603%2F&#038;show_text=false&#038;width=560&#038;t=0\" width=\"560\" height=\"314\" style=\"border:none;overflow:hidden\" scrolling=\"no\" frameborder=\"0\" allowfullscreen=\"true\" allow=\"autoplay; clipboard-write; encrypted-media; picture-in-picture; web-share\" allowFullScreen=\"true\"><\/iframe>\n<\/div>\n<\/div><\/div>\n<\/div><\/div>\n\n\n\n<p><\/p>\n","protected":false},"excerpt":{"rendered":"<p>NUESTRAS CONFERENCIAS LEGALES<\/p>\n","protected":false},"author":1,"featured_media":0,"parent":0,"menu_order":0,"comment_status":"closed","ping_status":"closed","template":"","meta":{"_uag_custom_page_level_css":"","site-sidebar-layout":"default","site-content-layout":"","ast-site-content-layout":"default","site-content-style":"default","site-sidebar-style":"default","ast-global-header-display":"","ast-banner-title-visibility":"","ast-main-header-display":"","ast-hfb-above-header-display":"","ast-hfb-below-header-display":"","ast-hfb-mobile-header-display":"","site-post-title":"disabled","ast-breadcrumbs-content":"","ast-featured-img":"disabled","footer-sml-layout":"","ast-disable-related-posts":"","theme-transparent-header-meta":"","adv-header-id-meta":"","stick-header-meta":"","header-above-stick-meta":"","header-main-stick-meta":"","header-below-stick-meta":"","astra-migrate-meta-layouts":"set","ast-page-background-enabled":"default","ast-page-background-meta":{"desktop":{"background-color":"var(--ast-global-color-5)","background-image":"","background-repeat":"repeat","background-position":"center center","background-size":"auto","background-attachment":"scroll","background-type":"","background-media":"","overlay-type":"","overlay-color":"","overlay-opacity":"","overlay-gradient":""},"tablet":{"background-color":"","background-image":"","background-repeat":"repeat","background-position":"center center","background-size":"auto","background-attachment":"scroll","background-type":"","background-media":"","overlay-type":"","overlay-color":"","overlay-opacity":"","overlay-gradient":""},"mobile":{"background-color":"","background-image":"","background-repeat":"repeat","background-position":"center center","background-size":"auto","background-attachment":"scroll","background-type":"","background-media":"","overlay-type":"","overlay-color":"","overlay-opacity":"","overlay-gradient":""}},"ast-content-background-meta":{"desktop":{"background-color":"var(--ast-global-color-4)","background-image":"","background-repeat":"repeat","background-position":"center center","background-size":"auto","background-attachment":"scroll","background-type":"","background-media":"","overlay-type":"","overlay-color":"","overlay-opacity":"","overlay-gradient":""},"tablet":{"background-color":"var(--ast-global-color-4)","background-image":"","background-repeat":"repeat","background-position":"center center","background-size":"auto","background-attachment":"scroll","background-type":"","background-media":"","overlay-type":"","overlay-color":"","overlay-opacity":"","overlay-gradient":""},"mobile":{"background-color":"var(--ast-global-color-4)","background-image":"","background-repeat":"repeat","background-position":"center center","background-size":"auto","background-attachment":"scroll","background-type":"","background-media":"","overlay-type":"","overlay-color":"","overlay-opacity":"","overlay-gradient":""}},"footnotes":""},"class_list":["post-2964","page","type-page","status-publish","hentry"],"uagb_featured_image_src":{"full":false,"thumbnail":false,"medium":false,"medium_large":false,"large":false,"1536x1536":false,"2048x2048":false},"uagb_author_info":{"display_name":"4dm1n","author_link":"https:\/\/angellazoabogados.com\/pe\/author\/4dm1n\/"},"uagb_comment_info":0,"uagb_excerpt":"NUESTRAS CONFERENCIAS LEGALES","_links":{"self":[{"href":"https:\/\/angellazoabogados.com\/pe\/wp-json\/wp\/v2\/pages\/2964","targetHints":{"allow":["GET"]}}],"collection":[{"href":"https:\/\/angellazoabogados.com\/pe\/wp-json\/wp\/v2\/pages"}],"about":[{"href":"https:\/\/angellazoabogados.com\/pe\/wp-json\/wp\/v2\/types\/page"}],"author":[{"embeddable":true,"href":"https:\/\/angellazoabogados.com\/pe\/wp-json\/wp\/v2\/users\/1"}],"replies":[{"embeddable":true,"href":"https:\/\/angellazoabogados.com\/pe\/wp-json\/wp\/v2\/comments?post=2964"}],"version-history":[{"count":15,"href":"https:\/\/angellazoabogados.com\/pe\/wp-json\/wp\/v2\/pages\/2964\/revisions"}],"predecessor-version":[{"id":3226,"href":"https:\/\/angellazoabogados.com\/pe\/wp-json\/wp\/v2\/pages\/2964\/revisions\/3226"}],"wp:attachment":[{"href":"https:\/\/angellazoabogados.com\/pe\/wp-json\/wp\/v2\/media?parent=2964"}],"curies":[{"name":"wp","href":"https:\/\/api.w.org\/{rel}","templated":true}]}}