{"id":2460,"date":"2024-07-21T19:16:08","date_gmt":"2024-07-22T00:16:08","guid":{"rendered":"https:\/\/angelazoabogados.com\/pe\/?page_id=2460"},"modified":"2026-03-31T14:45:33","modified_gmt":"2026-03-31T19:45:33","slug":"derecho-civil","status":"publish","type":"page","link":"https:\/\/angellazoabogados.com\/pe\/derecho-civil\/","title":{"rendered":"Derecho Civil"},"content":{"rendered":"\n<div class=\"wp-block-uagb-container uagb-block-b7d9dbc5 alignfull uagb-is-root-container\"><div class=\"uagb-container-inner-blocks-wrap\">\n<div class=\"wp-block-uagb-info-box uagb-block-648a2585 uagb-infobox__content-wrap  uagb-infobox-icon-above-title uagb-infobox-image-valign-top\"><div class=\"uagb-ifb-content\"><div class=\"uagb-ifb-title-wrap\"><div class=\"uagb-ifb-separator\"><\/div><h1 class=\"uagb-ifb-title\"><strong>Derecho Civil<\/strong><\/h1><\/div><\/div><\/div>\n<\/div><\/div>\n\n\n\n<div class=\"wp-block-uagb-container uagb-block-1076fcea alignfull uagb-is-root-container\"><div class=\"uagb-container-inner-blocks-wrap\">\n<div class=\"wp-block-uagb-info-box uagb-block-1de62129 uagb-infobox__content-wrap  uagb-infobox-icon-above-title uagb-infobox-image-valign-top wp-block-uagb-info-box--has-margin\"><div class=\"uagb-infobox-margin-wrapper\"><div class=\"uagb-ifb-content\"><div class=\"uagb-ifb-title-wrap\"><div class=\"uagb-ifb-separator\"><\/div><h2 class=\"uagb-ifb-title\">Descripci\u00f3n<\/h2><\/div><p class=\"uagb-ifb-desc\">Nos dedicamos al Derecho Civil, proporcionando asesor\u00eda y representaci\u00f3n en una amplia gama de asuntos que afectan las relaciones personales y patrimoniales de nuestros clientes. Nuestro enfoque abarca desde contratos y obligaciones hasta propiedad y sucesiones, asegurando que cada caso sea tratado con la m\u00e1xima atenci\u00f3n y profesionalismo. Con un profundo conocimiento de las leyes y regulaciones civiles, nuestro equipo trabaja incansablemente para proteger los derechos e intereses de nuestros clientes, ofreciendo soluciones legales adaptadas a sus necesidades espec\u00edficas. Conf\u00ede en nosotros para manejar sus asuntos civiles con la seriedad y competencia que merecen.<\/p><\/div><\/div><\/div>\n\n\n\n<ol class=\"wp-block-list\">\n<li><strong>Revisi\u00f3n y elaboraci\u00f3n de contratos civiles con usuarios y proveedores.<\/strong>.<\/li>\n\n\n\n<li><strong>Defensa legal v\u00eda conciliaci\u00f3n, judicial y arbitral en procesos de indemnizaci\u00f3n por da\u00f1os y perjuicios y responsabilidad civil m\u00e9dica<\/strong>.<\/li>\n\n\n\n<li><strong>Proceso de obligaci\u00f3n de dar suma de dinero<\/strong>.<\/li>\n\n\n\n<li><strong>Indemnizaci\u00f3n por enriquecimiento sin causa<\/strong>.<\/li>\n\n\n\n<li><strong>Nulidad de acto jur\u00eddico<\/strong>.<\/li>\n\n\n\n<li><strong>Retracto<\/strong>.<\/li>\n\n\n\n<li><strong>Acci\u00f3n pauliana<\/strong>.<\/li>\n\n\n\n<li><strong>Resoluci\u00f3n de contrato<\/strong>.<\/li>\n\n\n\n<li><strong>Cumplimiento de contrato<\/strong>.<\/li>\n\n\n\n<li><strong>Desalojo<\/strong>.<\/li>\n\n\n\n<li><strong>Acci\u00f3n reivindicatoria<\/strong>.<\/li>\n\n\n\n<li><strong>Mejor derecho de propiedad<\/strong>.<\/li>\n\n\n\n<li><strong>Prescripci\u00f3n<\/strong>.<\/li>\n\n\n\n<li><strong>Rectificaci\u00f3n de \u00e1reas y linderos<\/strong>.<\/li>\n\n\n\n<li><strong>Interdicto de retener<\/strong>.<\/li>\n\n\n\n<li><strong>Interdicto de recobrar<\/strong>.<\/li>\n\n\n\n<li><strong>Divisi\u00f3n y partici\u00f3n<\/strong>.<\/li>\n\n\n\n<li><strong>Petici\u00f3n de herencia<\/strong>.<\/li>\n\n\n\n<li><strong>Sucesi\u00f3n intestada<\/strong>.<\/li>\n<\/ol>\n<\/div><\/div>\n","protected":false},"excerpt":{"rendered":"","protected":false},"author":1,"featured_media":0,"parent":0,"menu_order":0,"comment_status":"closed","ping_status":"closed","template":"","meta":{"_uag_custom_page_level_css":"","site-sidebar-layout":"no-sidebar","site-content-layout":"","ast-site-content-layout":"normal-width-container","site-content-style":"unboxed","site-sidebar-style":"unboxed","ast-global-header-display":"","ast-banner-title-visibility":"","ast-main-header-display":"","ast-hfb-above-header-display":"","ast-hfb-below-header-display":"","ast-hfb-mobile-header-display":"","site-post-title":"disabled","ast-breadcrumbs-content":"","ast-featured-img":"disabled","footer-sml-layout":"","ast-disable-related-posts":"","theme-transparent-header-meta":"enabled","adv-header-id-meta":"","stick-header-meta":"","header-above-stick-meta":"","header-main-stick-meta":"","header-below-stick-meta":"","astra-migrate-meta-layouts":"set","ast-page-background-enabled":"default","ast-page-background-meta":{"desktop":{"background-color":"var(--ast-global-color-5)","background-image":"","background-repeat":"repeat","background-position":"center center","background-size":"auto","background-attachment":"scroll","background-type":"","background-media":"","overlay-type":"","overlay-color":"","overlay-opacity":"","overlay-gradient":""},"tablet":{"background-color":"","background-image":"","background-repeat":"repeat","background-position":"center center","background-size":"auto","background-attachment":"scroll","background-type":"","background-media":"","overlay-type":"","overlay-color":"","overlay-opacity":"","overlay-gradient":""},"mobile":{"background-color":"","background-image":"","background-repeat":"repeat","background-position":"center center","background-size":"auto","background-attachment":"scroll","background-type":"","background-media":"","overlay-type":"","overlay-color":"","overlay-opacity":"","overlay-gradient":""}},"ast-content-background-meta":{"desktop":{"background-color":"var(--ast-global-color-4)","background-image":"","background-repeat":"repeat","background-position":"center center","background-size":"auto","background-attachment":"scroll","background-type":"","background-media":"","overlay-type":"","overlay-color":"","overlay-opacity":"","overlay-gradient":""},"tablet":{"background-color":"var(--ast-global-color-4)","background-image":"","background-repeat":"repeat","background-position":"center center","background-size":"auto","background-attachment":"scroll","background-type":"","background-media":"","overlay-type":"","overlay-color":"","overlay-opacity":"","overlay-gradient":""},"mobile":{"background-color":"var(--ast-global-color-4)","background-image":"","background-repeat":"repeat","background-position":"center center","background-size":"auto","background-attachment":"scroll","background-type":"","background-media":"","overlay-type":"","overlay-color":"","overlay-opacity":"","overlay-gradient":""}},"footnotes":""},"class_list":["post-2460","page","type-page","status-publish","hentry"],"uagb_featured_image_src":{"full":false,"thumbnail":false,"medium":false,"medium_large":false,"large":false,"1536x1536":false,"2048x2048":false},"uagb_author_info":{"display_name":"4dm1n","author_link":"https:\/\/angellazoabogados.com\/pe\/author\/4dm1n\/"},"uagb_comment_info":0,"uagb_excerpt":null,"_links":{"self":[{"href":"https:\/\/angellazoabogados.com\/pe\/wp-json\/wp\/v2\/pages\/2460","targetHints":{"allow":["GET"]}}],"collection":[{"href":"https:\/\/angellazoabogados.com\/pe\/wp-json\/wp\/v2\/pages"}],"about":[{"href":"https:\/\/angellazoabogados.com\/pe\/wp-json\/wp\/v2\/types\/page"}],"author":[{"embeddable":true,"href":"https:\/\/angellazoabogados.com\/pe\/wp-json\/wp\/v2\/users\/1"}],"replies":[{"embeddable":true,"href":"https:\/\/angellazoabogados.com\/pe\/wp-json\/wp\/v2\/comments?post=2460"}],"version-history":[{"count":6,"href":"https:\/\/angellazoabogados.com\/pe\/wp-json\/wp\/v2\/pages\/2460\/revisions"}],"predecessor-version":[{"id":3162,"href":"https:\/\/angellazoabogados.com\/pe\/wp-json\/wp\/v2\/pages\/2460\/revisions\/3162"}],"wp:attachment":[{"href":"https:\/\/angellazoabogados.com\/pe\/wp-json\/wp\/v2\/media?parent=2460"}],"curies":[{"name":"wp","href":"https:\/\/api.w.org\/{rel}","templated":true}]}}