{"id":2454,"date":"2024-07-21T19:02:15","date_gmt":"2024-07-22T00:02:15","guid":{"rendered":"https:\/\/angelazoabogados.com\/pe\/?page_id=2454"},"modified":"2026-03-31T14:58:09","modified_gmt":"2026-03-31T19:58:09","slug":"derecho-del-docente-universitario","status":"publish","type":"page","link":"https:\/\/angellazoabogados.com\/pe\/derecho-del-docente-universitario\/","title":{"rendered":"Derecho del Docente Universitario"},"content":{"rendered":"\n<div class=\"wp-block-uagb-container uagb-block-b7d9dbc5 alignfull uagb-is-root-container\"><div class=\"uagb-container-inner-blocks-wrap\">\n<div class=\"wp-block-uagb-info-box uagb-block-648a2585 uagb-infobox__content-wrap  uagb-infobox-icon-above-title uagb-infobox-image-valign-top\"><div class=\"uagb-ifb-content\"><div class=\"uagb-ifb-title-wrap\"><div class=\"uagb-ifb-separator\"><\/div><h1 class=\"uagb-ifb-title\"><strong>Derecho del Docente Universitario<\/strong><\/h1><\/div><\/div><\/div>\n<\/div><\/div>\n\n\n\n<div class=\"wp-block-uagb-container uagb-block-13a75f80 alignfull uagb-is-root-container\"><div class=\"uagb-container-inner-blocks-wrap\">\n<div class=\"wp-block-uagb-info-box uagb-block-1de62129 uagb-infobox__content-wrap  uagb-infobox-icon-above-title uagb-infobox-image-valign-top wp-block-uagb-info-box--has-margin\"><div class=\"uagb-infobox-margin-wrapper\"><div class=\"uagb-ifb-content\"><div class=\"uagb-ifb-title-wrap\"><div class=\"uagb-ifb-separator\"><\/div><h2 class=\"uagb-ifb-title\">Descripci\u00f3n<\/h2><\/div><p class=\"uagb-ifb-desc\">La experiencia asumida por varios a\u00f1os como Asesores Legales externos de universidades p\u00fablicas, o de asociaciones como: la Asociaci\u00f3n de Docentes Cesantes de la Universidad Nacional Mayor de San Marcos (ASDOPEN), Asociaci\u00f3n Nacional de Universidades P\u00fablicas del Per\u00fa (ANUPP), Asociaci\u00f3n de Docentes Cesantes de la Universidad Nacional Hermilio Valdizan de Hu\u00e1nuo nos ha permitido conocer los beneficios o derechos laborales y previsionales que tienen los docentes universitarios en actividad o en la condici\u00f3n de cesantes, por tal raz\u00f3n para la materializaci\u00f3n de sus derechos hemos interpuesto m\u00faltiples procesos judiciales a nivel nacional como el pago de sus remuneraciones homologadas entre otros, procesos en los que hemos obtenido sentencias favorables a nuestros clientes, por lo que venimos tramitando m\u00faltiples casos judiciales a nivel nacional.<br><\/p><\/div><\/div><\/div>\n\n\n\n<div class=\"wp-block-uagb-container uagb-block-273861b9\">\n<div class=\"wp-block-uagb-image alignright uagb-block-de857edf wp-block-uagb-image--layout-default wp-block-uagb-image--effect-static wp-block-uagb-image--align-right\"><figure class=\"wp-block-uagb-image__figure\"><img decoding=\"async\" srcset=\"https:\/\/angellazoabogados.com\/pe\/wp-content\/uploads\/2024\/07\/Inicio-Nuestras-Areas-min.jpg ,https:\/\/angelazoabogados.com\/pe\/wp-content\/uploads\/2024\/07\/Inicio-Nuestras-Areas-min.jpg 780w, https:\/\/angelazoabogados.com\/pe\/wp-content\/uploads\/2024\/07\/Inicio-Nuestras-Areas-min.jpg 360w\" sizes=\"auto, (max-width: 480px) 150px\" src=\"https:\/\/angellazoabogados.com\/pe\/wp-content\/uploads\/2024\/07\/Inicio-Nuestras-Areas-min.jpg\" alt=\"\" class=\"uag-image-2371\" width=\"700\" height=\"467\" title=\"Inicio - Nuestras Areas-min\" loading=\"lazy\" role=\"img\"\/><\/figure><\/div>\n<\/div>\n<\/div><\/div>\n\n\n\n<div class=\"wp-block-uagb-container uagb-block-1076fcea alignfull uagb-is-root-container\"><div class=\"uagb-container-inner-blocks-wrap\">\n<div class=\"wp-block-uagb-info-box uagb-block-a7b7a2b4 uagb-infobox__content-wrap  uagb-infobox-icon-above-title uagb-infobox-image-valign-top wp-block-uagb-info-box--has-margin\"><div class=\"uagb-infobox-margin-wrapper\"><div class=\"uagb-ifb-content\"><div class=\"uagb-ifb-title-wrap\"><\/div><p class=\"uagb-ifb-desc\">Los procesos judiciales que tramitamos en la presente materia son:<\/p><\/div><\/div><\/div>\n\n\n\n<ol class=\"wp-block-list\">\n<li><strong>Pago de remuneraciones homologadas a la de los magistrados<\/strong>.<\/li>\n\n\n\n<li><strong>Recalculo de pensiones en base a remuneraci\u00f3n homologada<\/strong>.<\/li>\n\n\n\n<li><strong>Recalculo de pensi\u00f3n de viudez<\/strong>.<\/li>\n\n\n\n<li><strong>Pago de CTS<\/strong>.<\/li>\n\n\n\n<li><strong>Pago de subsidios<\/strong>.<\/li>\n\n\n\n<li><strong>Otros de la materia<\/strong>.<\/li>\n<\/ol>\n<\/div><\/div>\n\n\n\n<p><\/p>\n","protected":false},"excerpt":{"rendered":"","protected":false},"author":1,"featured_media":0,"parent":0,"menu_order":0,"comment_status":"closed","ping_status":"closed","template":"","meta":{"_uag_custom_page_level_css":"","site-sidebar-layout":"no-sidebar","site-content-layout":"","ast-site-content-layout":"normal-width-container","site-content-style":"unboxed","site-sidebar-style":"unboxed","ast-global-header-display":"","ast-banner-title-visibility":"","ast-main-header-display":"","ast-hfb-above-header-display":"","ast-hfb-below-header-display":"","ast-hfb-mobile-header-display":"","site-post-title":"disabled","ast-breadcrumbs-content":"","ast-featured-img":"disabled","footer-sml-layout":"","ast-disable-related-posts":"","theme-transparent-header-meta":"enabled","adv-header-id-meta":"","stick-header-meta":"","header-above-stick-meta":"","header-main-stick-meta":"","header-below-stick-meta":"","astra-migrate-meta-layouts":"set","ast-page-background-enabled":"default","ast-page-background-meta":{"desktop":{"background-color":"var(--ast-global-color-5)","background-image":"","background-repeat":"repeat","background-position":"center center","background-size":"auto","background-attachment":"scroll","background-type":"","background-media":"","overlay-type":"","overlay-color":"","overlay-opacity":"","overlay-gradient":""},"tablet":{"background-color":"","background-image":"","background-repeat":"repeat","background-position":"center center","background-size":"auto","background-attachment":"scroll","background-type":"","background-media":"","overlay-type":"","overlay-color":"","overlay-opacity":"","overlay-gradient":""},"mobile":{"background-color":"","background-image":"","background-repeat":"repeat","background-position":"center center","background-size":"auto","background-attachment":"scroll","background-type":"","background-media":"","overlay-type":"","overlay-color":"","overlay-opacity":"","overlay-gradient":""}},"ast-content-background-meta":{"desktop":{"background-color":"var(--ast-global-color-4)","background-image":"","background-repeat":"repeat","background-position":"center center","background-size":"auto","background-attachment":"scroll","background-type":"","background-media":"","overlay-type":"","overlay-color":"","overlay-opacity":"","overlay-gradient":""},"tablet":{"background-color":"var(--ast-global-color-4)","background-image":"","background-repeat":"repeat","background-position":"center center","background-size":"auto","background-attachment":"scroll","background-type":"","background-media":"","overlay-type":"","overlay-color":"","overlay-opacity":"","overlay-gradient":""},"mobile":{"background-color":"var(--ast-global-color-4)","background-image":"","background-repeat":"repeat","background-position":"center center","background-size":"auto","background-attachment":"scroll","background-type":"","background-media":"","overlay-type":"","overlay-color":"","overlay-opacity":"","overlay-gradient":""}},"footnotes":""},"class_list":["post-2454","page","type-page","status-publish","hentry"],"uagb_featured_image_src":{"full":false,"thumbnail":false,"medium":false,"medium_large":false,"large":false,"1536x1536":false,"2048x2048":false},"uagb_author_info":{"display_name":"4dm1n","author_link":"https:\/\/angellazoabogados.com\/pe\/author\/4dm1n\/"},"uagb_comment_info":0,"uagb_excerpt":null,"_links":{"self":[{"href":"https:\/\/angellazoabogados.com\/pe\/wp-json\/wp\/v2\/pages\/2454","targetHints":{"allow":["GET"]}}],"collection":[{"href":"https:\/\/angellazoabogados.com\/pe\/wp-json\/wp\/v2\/pages"}],"about":[{"href":"https:\/\/angellazoabogados.com\/pe\/wp-json\/wp\/v2\/types\/page"}],"author":[{"embeddable":true,"href":"https:\/\/angellazoabogados.com\/pe\/wp-json\/wp\/v2\/users\/1"}],"replies":[{"embeddable":true,"href":"https:\/\/angellazoabogados.com\/pe\/wp-json\/wp\/v2\/comments?post=2454"}],"version-history":[{"count":8,"href":"https:\/\/angellazoabogados.com\/pe\/wp-json\/wp\/v2\/pages\/2454\/revisions"}],"predecessor-version":[{"id":3175,"href":"https:\/\/angellazoabogados.com\/pe\/wp-json\/wp\/v2\/pages\/2454\/revisions\/3175"}],"wp:attachment":[{"href":"https:\/\/angellazoabogados.com\/pe\/wp-json\/wp\/v2\/media?parent=2454"}],"curies":[{"name":"wp","href":"https:\/\/api.w.org\/{rel}","templated":true}]}}