{"id":2445,"date":"2024-07-21T18:50:27","date_gmt":"2024-07-21T23:50:27","guid":{"rendered":"https:\/\/angelazoabogados.com\/pe\/?page_id=2445"},"modified":"2026-03-31T14:57:18","modified_gmt":"2026-03-31T19:57:18","slug":"derecho-del-medico","status":"publish","type":"page","link":"https:\/\/angellazoabogados.com\/pe\/derecho-del-medico\/","title":{"rendered":"Derecho del M\u00e9dico"},"content":{"rendered":"\n<div class=\"wp-block-uagb-container uagb-block-b7d9dbc5 alignfull uagb-is-root-container\"><div class=\"uagb-container-inner-blocks-wrap\">\n<div class=\"wp-block-uagb-info-box uagb-block-648a2585 uagb-infobox__content-wrap  uagb-infobox-icon-above-title uagb-infobox-image-valign-top\"><div class=\"uagb-ifb-content\"><div class=\"uagb-ifb-title-wrap\"><div class=\"uagb-ifb-separator\"><\/div><h1 class=\"uagb-ifb-title\"><strong>Derecho del M\u00e9dico<\/strong><\/h1><\/div><\/div><\/div>\n<\/div><\/div>\n\n\n\n<div class=\"wp-block-uagb-container uagb-block-13a75f80 alignfull uagb-is-root-container\"><div class=\"uagb-container-inner-blocks-wrap\">\n<div class=\"wp-block-uagb-info-box uagb-block-1de62129 uagb-infobox__content-wrap  uagb-infobox-icon-above-title uagb-infobox-image-valign-top wp-block-uagb-info-box--has-margin\"><div class=\"uagb-infobox-margin-wrapper\"><div class=\"uagb-ifb-content\"><div class=\"uagb-ifb-title-wrap\"><div class=\"uagb-ifb-separator\"><\/div><h2 class=\"uagb-ifb-title\">Descripci\u00f3n<\/h2><\/div><p class=\"uagb-ifb-desc\">Nuestro socio fundador ha tenido la oportunidad de desempe\u00f1arse como Coordinador Nacional del Programa Defensor\u00eda del M\u00e9dico del Colegio M\u00e9dico del Per\u00fa, asimismo en la ciudad de Lima parte de nuestro equipo han sido los abogados responsables del \u00e1rea de Derecho Civil y Derecho Laboral de dicho programa desde diciembre de 2022 a junio de 2024 lo que nos ha permitido especializarnos en Derecho del M\u00e9dico.<br>En ese sentido desde nuestra amplia experiencia conocemos y resolvemos las controversias de Indemnizaci\u00f3n de da\u00f1os y perjuicios por responsabilidad civil m\u00e9dica y otras de Derecho Civil y Derecho Laboral de los m\u00e9dicos de acuerdo a los reg\u00edmenes laborales y normativa especial para cada caso, garantizando el \u00e9xito de nuestros clientes.<br><\/p><\/div><\/div><\/div>\n\n\n\n<div class=\"wp-block-uagb-container uagb-block-273861b9\">\n<div class=\"wp-block-uagb-image alignright uagb-block-de857edf wp-block-uagb-image--layout-default wp-block-uagb-image--effect-static wp-block-uagb-image--align-right\"><figure class=\"wp-block-uagb-image__figure\"><img decoding=\"async\" srcset=\"https:\/\/angellazoabogados.com\/pe\/wp-content\/uploads\/2024\/08\/Derecho-del-Medico.jpg ,https:\/\/angelazoabogados.com\/pe\/wp-content\/uploads\/2024\/08\/Derecho-del-Medico.jpg 780w, https:\/\/angelazoabogados.com\/pe\/wp-content\/uploads\/2024\/08\/Derecho-del-Medico.jpg 360w\" sizes=\"auto, (max-width: 480px) 150px\" src=\"https:\/\/angellazoabogados.com\/pe\/wp-content\/uploads\/2024\/08\/Derecho-del-Medico.jpg\" alt=\"\" class=\"uag-image-3094\" width=\"700\" height=\"467\" title=\"Derecho del Medico\" loading=\"lazy\" role=\"img\"\/><\/figure><\/div>\n<\/div>\n<\/div><\/div>\n\n\n\n<div class=\"wp-block-uagb-container uagb-block-1076fcea alignfull uagb-is-root-container\"><div class=\"uagb-container-inner-blocks-wrap\">\n<div class=\"wp-block-uagb-info-box uagb-block-f3dc2a09 uagb-infobox__content-wrap  uagb-infobox-icon-above-title uagb-infobox-image-valign-top wp-block-uagb-info-box--has-margin\"><div class=\"uagb-infobox-margin-wrapper\"><div class=\"uagb-ifb-content\"><div class=\"uagb-ifb-title-wrap\"><\/div><p class=\"uagb-ifb-desc\">Los procesos judiciales que tramitamos en la presente materia son:<\/p><\/div><\/div><\/div>\n\n\n\n<ol class=\"wp-block-list\">\n<li><strong>Responsabilidad civil m\u00e9dica<\/strong>.<\/li>\n\n\n\n<li><strong>Extensi\u00f3n de la carrera m\u00e9dica<\/strong>.<\/li>\n\n\n\n<li><strong>Pago de bonificaciones reconocidos en el Decreto Legislativo N\u00b0 1153 (atenci\u00f3n primaria, atenci\u00f3n especializada, atenci\u00f3n en servicios cr\u00edticos, etc.)<\/strong>.<\/li>\n\n\n\n<li><strong>Cese de actos de hostilidad<\/strong>.<\/li>\n\n\n\n<li><strong>Procedimientos administrativos disciplinarios<\/strong>.<\/li>\n\n\n\n<li><strong>Procedimientos administrativos sancionadores por violaci\u00f3n al c\u00f3digo de \u00e9tica<\/strong>.<\/li>\n\n\n\n<li><strong>Otros de la materia<\/strong>.<\/li>\n<\/ol>\n<\/div><\/div>\n","protected":false},"excerpt":{"rendered":"","protected":false},"author":1,"featured_media":0,"parent":0,"menu_order":0,"comment_status":"closed","ping_status":"closed","template":"","meta":{"_uag_custom_page_level_css":"","site-sidebar-layout":"no-sidebar","site-content-layout":"","ast-site-content-layout":"normal-width-container","site-content-style":"unboxed","site-sidebar-style":"unboxed","ast-global-header-display":"","ast-banner-title-visibility":"","ast-main-header-display":"","ast-hfb-above-header-display":"","ast-hfb-below-header-display":"","ast-hfb-mobile-header-display":"","site-post-title":"disabled","ast-breadcrumbs-content":"","ast-featured-img":"disabled","footer-sml-layout":"","ast-disable-related-posts":"","theme-transparent-header-meta":"enabled","adv-header-id-meta":"","stick-header-meta":"","header-above-stick-meta":"","header-main-stick-meta":"","header-below-stick-meta":"","astra-migrate-meta-layouts":"set","ast-page-background-enabled":"default","ast-page-background-meta":{"desktop":{"background-color":"var(--ast-global-color-5)","background-image":"","background-repeat":"repeat","background-position":"center center","background-size":"auto","background-attachment":"scroll","background-type":"","background-media":"","overlay-type":"","overlay-color":"","overlay-opacity":"","overlay-gradient":""},"tablet":{"background-color":"","background-image":"","background-repeat":"repeat","background-position":"center center","background-size":"auto","background-attachment":"scroll","background-type":"","background-media":"","overlay-type":"","overlay-color":"","overlay-opacity":"","overlay-gradient":""},"mobile":{"background-color":"","background-image":"","background-repeat":"repeat","background-position":"center center","background-size":"auto","background-attachment":"scroll","background-type":"","background-media":"","overlay-type":"","overlay-color":"","overlay-opacity":"","overlay-gradient":""}},"ast-content-background-meta":{"desktop":{"background-color":"var(--ast-global-color-4)","background-image":"","background-repeat":"repeat","background-position":"center center","background-size":"auto","background-attachment":"scroll","background-type":"","background-media":"","overlay-type":"","overlay-color":"","overlay-opacity":"","overlay-gradient":""},"tablet":{"background-color":"var(--ast-global-color-4)","background-image":"","background-repeat":"repeat","background-position":"center center","background-size":"auto","background-attachment":"scroll","background-type":"","background-media":"","overlay-type":"","overlay-color":"","overlay-opacity":"","overlay-gradient":""},"mobile":{"background-color":"var(--ast-global-color-4)","background-image":"","background-repeat":"repeat","background-position":"center center","background-size":"auto","background-attachment":"scroll","background-type":"","background-media":"","overlay-type":"","overlay-color":"","overlay-opacity":"","overlay-gradient":""}},"footnotes":""},"class_list":["post-2445","page","type-page","status-publish","hentry"],"uagb_featured_image_src":{"full":false,"thumbnail":false,"medium":false,"medium_large":false,"large":false,"1536x1536":false,"2048x2048":false},"uagb_author_info":{"display_name":"4dm1n","author_link":"https:\/\/angellazoabogados.com\/pe\/author\/4dm1n\/"},"uagb_comment_info":0,"uagb_excerpt":null,"_links":{"self":[{"href":"https:\/\/angellazoabogados.com\/pe\/wp-json\/wp\/v2\/pages\/2445","targetHints":{"allow":["GET"]}}],"collection":[{"href":"https:\/\/angellazoabogados.com\/pe\/wp-json\/wp\/v2\/pages"}],"about":[{"href":"https:\/\/angellazoabogados.com\/pe\/wp-json\/wp\/v2\/types\/page"}],"author":[{"embeddable":true,"href":"https:\/\/angellazoabogados.com\/pe\/wp-json\/wp\/v2\/users\/1"}],"replies":[{"embeddable":true,"href":"https:\/\/angellazoabogados.com\/pe\/wp-json\/wp\/v2\/comments?post=2445"}],"version-history":[{"count":8,"href":"https:\/\/angellazoabogados.com\/pe\/wp-json\/wp\/v2\/pages\/2445\/revisions"}],"predecessor-version":[{"id":3174,"href":"https:\/\/angellazoabogados.com\/pe\/wp-json\/wp\/v2\/pages\/2445\/revisions\/3174"}],"wp:attachment":[{"href":"https:\/\/angellazoabogados.com\/pe\/wp-json\/wp\/v2\/media?parent=2445"}],"curies":[{"name":"wp","href":"https:\/\/api.w.org\/{rel}","templated":true}]}}