{"id":2440,"date":"2024-07-21T18:43:41","date_gmt":"2024-07-21T23:43:41","guid":{"rendered":"https:\/\/angelazoabogados.com\/pe\/?page_id=2440"},"modified":"2026-03-31T14:58:47","modified_gmt":"2026-03-31T19:58:47","slug":"derecho-de-magistrados-y-personal-jurisdiccional","status":"publish","type":"page","link":"https:\/\/angellazoabogados.com\/pe\/derecho-de-magistrados-y-personal-jurisdiccional\/","title":{"rendered":"Derecho de Magistrados y personal jurisdiccional"},"content":{"rendered":"\n<div class=\"wp-block-uagb-container uagb-block-b7d9dbc5 alignfull uagb-is-root-container\"><div class=\"uagb-container-inner-blocks-wrap\">\n<div class=\"wp-block-uagb-info-box uagb-block-648a2585 uagb-infobox__content-wrap  uagb-infobox-icon-above-title uagb-infobox-image-valign-top\"><div class=\"uagb-ifb-content\"><div class=\"uagb-ifb-title-wrap\"><div class=\"uagb-ifb-separator\"><\/div><h1 class=\"uagb-ifb-title\"><strong>Derecho de Magistrados y personal jurisdiccional<\/strong><\/h1><\/div><\/div><\/div>\n<\/div><\/div>\n\n\n\n<div class=\"wp-block-uagb-container uagb-block-1076fcea alignfull uagb-is-root-container\"><div class=\"uagb-container-inner-blocks-wrap\">\n<div class=\"wp-block-uagb-info-box uagb-block-1de62129 uagb-infobox__content-wrap  uagb-infobox-icon-above-title uagb-infobox-image-valign-top wp-block-uagb-info-box--has-margin\"><div class=\"uagb-infobox-margin-wrapper\"><div class=\"uagb-ifb-content\"><div class=\"uagb-ifb-title-wrap\"><div class=\"uagb-ifb-separator\"><\/div><h2 class=\"uagb-ifb-title\">Descripci\u00f3n<\/h2><\/div><p class=\"uagb-ifb-desc\"><br>El haber trabajado en el Poder Judicial y nuestra amplia experiencia en Derecho Laboral nos ha permitido conocer los beneficios sociales que reciben los magistrados del Poder Judicial y personal jurisdiccional como es bonificaciones especiales, gastos operativos, bono por funci\u00f3n judicial, bono por funci\u00f3n fiscal y otros.<br><br>Debido a nuestra amplia experiencia hemos brindados nuestros servicios a Jueces y Fiscales titulares o provisionales de todas las instancias y regiones del Per\u00fa; asimismo al personal jurisdiccional del Poder Judicial y Ministerio P\u00fablico como: Secretarios de Sala, Relatores de Sala, Especialistas, Asistentes de Juez, T\u00e9cnicos Judiciales, Auxiliares Judiciales, Asistentes en Funci\u00f3n Fiscal, Psic\u00f3logos, M\u00e9dicos Legistas, T\u00e9cnicos Necropciadores, Asistentes Administrativos, y otros.<br><br>Los procesos judiciales que tramitamos en la presente materia son:<\/p><\/div><\/div><\/div>\n\n\n\n<ol class=\"wp-block-list\">\n<li><strong>Homologaci\u00f3n de remuneraciones de los jueces de paz letrado, jueces especializados y jueces superiores en el porcentaje que corresponde con la remuneraci\u00f3n de Jueces Supremos<\/strong>.<\/li>\n\n\n\n<li><strong>Homologaci\u00f3n de remuneraciones de los fiscales adjuntos provinciales, fiscales provinciales, fiscales adjuntos superiores y fiscales superiores con el porcentaje que corresponde a los Fiscales Supremos<\/strong>.<\/li>\n\n\n\n<li><strong>Pago de Gastos operativos a Jueces suplentes y jueces super numerarios<\/strong>.<\/li>\n\n\n\n<li><strong>Pago de Gastos operativos a fiscales provisionales<\/strong>.<\/li>\n\n\n\n<li><strong>Pago de bono por funci\u00f3n judicial<\/strong>.<\/li>\n\n\n\n<li><strong>Pago de bono por funci\u00f3n fiscal<\/strong>.<\/li>\n\n\n\n<li><strong>Declaraci\u00f3n de naturaleza remunerativa de bono judicial y reintegro de gratificaciones por fiestas patrias navidad y CTS<\/strong>.<\/li>\n\n\n\n<li><strong>Declaraci\u00f3n de naturaleza remunerativa de bono fiscal y reintegro de gratificaciones por fiestas patrias navidad y CTS<\/strong>.<\/li>\n\n\n\n<li><strong>Otros de la materia<\/strong>.<\/li>\n<\/ol>\n<\/div><\/div>\n","protected":false},"excerpt":{"rendered":"","protected":false},"author":1,"featured_media":0,"parent":0,"menu_order":0,"comment_status":"closed","ping_status":"closed","template":"","meta":{"_uag_custom_page_level_css":"","site-sidebar-layout":"no-sidebar","site-content-layout":"","ast-site-content-layout":"normal-width-container","site-content-style":"unboxed","site-sidebar-style":"unboxed","ast-global-header-display":"","ast-banner-title-visibility":"","ast-main-header-display":"","ast-hfb-above-header-display":"","ast-hfb-below-header-display":"","ast-hfb-mobile-header-display":"","site-post-title":"disabled","ast-breadcrumbs-content":"","ast-featured-img":"disabled","footer-sml-layout":"","ast-disable-related-posts":"","theme-transparent-header-meta":"enabled","adv-header-id-meta":"","stick-header-meta":"","header-above-stick-meta":"","header-main-stick-meta":"","header-below-stick-meta":"","astra-migrate-meta-layouts":"set","ast-page-background-enabled":"default","ast-page-background-meta":{"desktop":{"background-color":"var(--ast-global-color-5)","background-image":"","background-repeat":"repeat","background-position":"center center","background-size":"auto","background-attachment":"scroll","background-type":"","background-media":"","overlay-type":"","overlay-color":"","overlay-opacity":"","overlay-gradient":""},"tablet":{"background-color":"","background-image":"","background-repeat":"repeat","background-position":"center center","background-size":"auto","background-attachment":"scroll","background-type":"","background-media":"","overlay-type":"","overlay-color":"","overlay-opacity":"","overlay-gradient":""},"mobile":{"background-color":"","background-image":"","background-repeat":"repeat","background-position":"center center","background-size":"auto","background-attachment":"scroll","background-type":"","background-media":"","overlay-type":"","overlay-color":"","overlay-opacity":"","overlay-gradient":""}},"ast-content-background-meta":{"desktop":{"background-color":"var(--ast-global-color-4)","background-image":"","background-repeat":"repeat","background-position":"center center","background-size":"auto","background-attachment":"scroll","background-type":"","background-media":"","overlay-type":"","overlay-color":"","overlay-opacity":"","overlay-gradient":""},"tablet":{"background-color":"var(--ast-global-color-4)","background-image":"","background-repeat":"repeat","background-position":"center center","background-size":"auto","background-attachment":"scroll","background-type":"","background-media":"","overlay-type":"","overlay-color":"","overlay-opacity":"","overlay-gradient":""},"mobile":{"background-color":"var(--ast-global-color-4)","background-image":"","background-repeat":"repeat","background-position":"center center","background-size":"auto","background-attachment":"scroll","background-type":"","background-media":"","overlay-type":"","overlay-color":"","overlay-opacity":"","overlay-gradient":""}},"footnotes":""},"class_list":["post-2440","page","type-page","status-publish","hentry"],"uagb_featured_image_src":{"full":false,"thumbnail":false,"medium":false,"medium_large":false,"large":false,"1536x1536":false,"2048x2048":false},"uagb_author_info":{"display_name":"4dm1n","author_link":"https:\/\/angellazoabogados.com\/pe\/author\/4dm1n\/"},"uagb_comment_info":0,"uagb_excerpt":null,"_links":{"self":[{"href":"https:\/\/angellazoabogados.com\/pe\/wp-json\/wp\/v2\/pages\/2440","targetHints":{"allow":["GET"]}}],"collection":[{"href":"https:\/\/angellazoabogados.com\/pe\/wp-json\/wp\/v2\/pages"}],"about":[{"href":"https:\/\/angellazoabogados.com\/pe\/wp-json\/wp\/v2\/types\/page"}],"author":[{"embeddable":true,"href":"https:\/\/angellazoabogados.com\/pe\/wp-json\/wp\/v2\/users\/1"}],"replies":[{"embeddable":true,"href":"https:\/\/angellazoabogados.com\/pe\/wp-json\/wp\/v2\/comments?post=2440"}],"version-history":[{"count":5,"href":"https:\/\/angellazoabogados.com\/pe\/wp-json\/wp\/v2\/pages\/2440\/revisions"}],"predecessor-version":[{"id":3176,"href":"https:\/\/angellazoabogados.com\/pe\/wp-json\/wp\/v2\/pages\/2440\/revisions\/3176"}],"wp:attachment":[{"href":"https:\/\/angellazoabogados.com\/pe\/wp-json\/wp\/v2\/media?parent=2440"}],"curies":[{"name":"wp","href":"https:\/\/api.w.org\/{rel}","templated":true}]}}