{"id":2436,"date":"2024-07-21T18:35:48","date_gmt":"2024-07-21T23:35:48","guid":{"rendered":"https:\/\/angelazoabogados.com\/pe\/?page_id=2436"},"modified":"2026-03-31T14:56:39","modified_gmt":"2026-03-31T19:56:39","slug":"derecho-laboral","status":"publish","type":"page","link":"https:\/\/angellazoabogados.com\/pe\/derecho-laboral\/","title":{"rendered":"Derecho Laboral"},"content":{"rendered":"\n<div class=\"wp-block-uagb-container uagb-block-b7d9dbc5 alignfull uagb-is-root-container\"><div class=\"uagb-container-inner-blocks-wrap\">\n<div class=\"wp-block-uagb-info-box uagb-block-648a2585 uagb-infobox__content-wrap  uagb-infobox-icon-above-title uagb-infobox-image-valign-top\"><div class=\"uagb-ifb-content\"><div class=\"uagb-ifb-title-wrap\"><div class=\"uagb-ifb-separator\"><\/div><h1 class=\"uagb-ifb-title\"><strong>Derecho Laboral<\/strong><\/h1><\/div><\/div><\/div>\n<\/div><\/div>\n\n\n\n<div class=\"wp-block-uagb-container uagb-block-1076fcea alignfull uagb-is-root-container\"><div class=\"uagb-container-inner-blocks-wrap\">\n<div class=\"wp-block-uagb-info-box uagb-block-1de62129 uagb-infobox__content-wrap  uagb-infobox-icon-above-title uagb-infobox-image-valign-top wp-block-uagb-info-box--has-margin\"><div class=\"uagb-infobox-margin-wrapper\"><div class=\"uagb-ifb-content\"><div class=\"uagb-ifb-title-wrap\"><div class=\"uagb-ifb-separator\"><\/div><h2 class=\"uagb-ifb-title\">Descripci\u00f3n<\/h2><\/div><p class=\"uagb-ifb-desc\">Nos especializamos en Derecho Laboral, asegurando la protecci\u00f3n de los derechos de trabajadores y empleadores. Con amplio conocimiento y profunda comprensi\u00f3n de la normativa laboral vigente, proporcionamos soluciones efectivas y personalizadas para cada situaci\u00f3n. Nuestra misi\u00f3n es garantizar condiciones laborales justas y equitativas, defendiendo los intereses de nuestros clientes con compromiso y experiencia en el campo laboral en sede administrativa ante el Ministerio de Trabajo, SUNAFIL o v\u00eda judicial.<br><br>Los procesos judiciales que tramitamos en la presente materia son:<\/p><\/div><\/div><\/div>\n\n\n\n<ol class=\"wp-block-list\">\n<li><strong>Elaboraci\u00f3n y revisi\u00f3n de contratos laborales<\/strong>.<\/li>\n\n\n\n<li><strong>Verificaci\u00f3n de cumplimiento legal en servicios tercerizados<\/strong>.<\/li>\n\n\n\n<li><strong>Derecho colectivo (revisi\u00f3n de pliego, negociaci\u00f3n colectiva)<\/strong>.<\/li>\n\n\n\n<li><strong>Defensa legal en arbitraje en negociaciones colectivas<\/strong>.<\/li>\n\n\n\n<li><strong>Descargos e impugnaci\u00f3n de sanciones y otros ante SUNAFIL<\/strong>.<\/li>\n\n\n\n<li><strong>Indemnizaci\u00f3n de da\u00f1os y perjuicios por accidentes de trabajo<\/strong>.<\/li>\n\n\n\n<li><strong>Desnaturalizaci\u00f3n de contratos y reposici\u00f3n por despido arbitrario<\/strong>.<\/li>\n\n\n\n<li><strong>Reposici\u00f3n por despido nulo<\/strong>.<\/li>\n\n\n\n<li><strong>Cese de actos de hostilidad<\/strong>.<\/li>\n\n\n\n<li><strong>Pago de beneficios sociales<\/strong>.<\/li>\n\n\n\n<li><strong>Pago de horas extras<\/strong>.<\/li>\n\n\n\n<li><strong>Homologaci\u00f3n de remuneraciones<\/strong>.<\/li>\n\n\n\n<li><strong>Otros de la materia<\/strong>.<\/li>\n<\/ol>\n<\/div><\/div>\n","protected":false},"excerpt":{"rendered":"","protected":false},"author":1,"featured_media":0,"parent":0,"menu_order":0,"comment_status":"closed","ping_status":"closed","template":"","meta":{"_uag_custom_page_level_css":"","site-sidebar-layout":"no-sidebar","site-content-layout":"","ast-site-content-layout":"normal-width-container","site-content-style":"unboxed","site-sidebar-style":"unboxed","ast-global-header-display":"","ast-banner-title-visibility":"","ast-main-header-display":"","ast-hfb-above-header-display":"","ast-hfb-below-header-display":"","ast-hfb-mobile-header-display":"","site-post-title":"disabled","ast-breadcrumbs-content":"","ast-featured-img":"disabled","footer-sml-layout":"","ast-disable-related-posts":"","theme-transparent-header-meta":"enabled","adv-header-id-meta":"","stick-header-meta":"","header-above-stick-meta":"","header-main-stick-meta":"","header-below-stick-meta":"","astra-migrate-meta-layouts":"set","ast-page-background-enabled":"default","ast-page-background-meta":{"desktop":{"background-color":"var(--ast-global-color-5)","background-image":"","background-repeat":"repeat","background-position":"center center","background-size":"auto","background-attachment":"scroll","background-type":"","background-media":"","overlay-type":"","overlay-color":"","overlay-opacity":"","overlay-gradient":""},"tablet":{"background-color":"","background-image":"","background-repeat":"repeat","background-position":"center center","background-size":"auto","background-attachment":"scroll","background-type":"","background-media":"","overlay-type":"","overlay-color":"","overlay-opacity":"","overlay-gradient":""},"mobile":{"background-color":"","background-image":"","background-repeat":"repeat","background-position":"center center","background-size":"auto","background-attachment":"scroll","background-type":"","background-media":"","overlay-type":"","overlay-color":"","overlay-opacity":"","overlay-gradient":""}},"ast-content-background-meta":{"desktop":{"background-color":"var(--ast-global-color-4)","background-image":"","background-repeat":"repeat","background-position":"center center","background-size":"auto","background-attachment":"scroll","background-type":"","background-media":"","overlay-type":"","overlay-color":"","overlay-opacity":"","overlay-gradient":""},"tablet":{"background-color":"var(--ast-global-color-4)","background-image":"","background-repeat":"repeat","background-position":"center center","background-size":"auto","background-attachment":"scroll","background-type":"","background-media":"","overlay-type":"","overlay-color":"","overlay-opacity":"","overlay-gradient":""},"mobile":{"background-color":"var(--ast-global-color-4)","background-image":"","background-repeat":"repeat","background-position":"center center","background-size":"auto","background-attachment":"scroll","background-type":"","background-media":"","overlay-type":"","overlay-color":"","overlay-opacity":"","overlay-gradient":""}},"footnotes":""},"class_list":["post-2436","page","type-page","status-publish","hentry"],"uagb_featured_image_src":{"full":false,"thumbnail":false,"medium":false,"medium_large":false,"large":false,"1536x1536":false,"2048x2048":false},"uagb_author_info":{"display_name":"4dm1n","author_link":"https:\/\/angellazoabogados.com\/pe\/author\/4dm1n\/"},"uagb_comment_info":0,"uagb_excerpt":null,"_links":{"self":[{"href":"https:\/\/angellazoabogados.com\/pe\/wp-json\/wp\/v2\/pages\/2436","targetHints":{"allow":["GET"]}}],"collection":[{"href":"https:\/\/angellazoabogados.com\/pe\/wp-json\/wp\/v2\/pages"}],"about":[{"href":"https:\/\/angellazoabogados.com\/pe\/wp-json\/wp\/v2\/types\/page"}],"author":[{"embeddable":true,"href":"https:\/\/angellazoabogados.com\/pe\/wp-json\/wp\/v2\/users\/1"}],"replies":[{"embeddable":true,"href":"https:\/\/angellazoabogados.com\/pe\/wp-json\/wp\/v2\/comments?post=2436"}],"version-history":[{"count":7,"href":"https:\/\/angellazoabogados.com\/pe\/wp-json\/wp\/v2\/pages\/2436\/revisions"}],"predecessor-version":[{"id":3173,"href":"https:\/\/angellazoabogados.com\/pe\/wp-json\/wp\/v2\/pages\/2436\/revisions\/3173"}],"wp:attachment":[{"href":"https:\/\/angellazoabogados.com\/pe\/wp-json\/wp\/v2\/media?parent=2436"}],"curies":[{"name":"wp","href":"https:\/\/api.w.org\/{rel}","templated":true}]}}