{"id":2422,"date":"2024-07-21T01:47:38","date_gmt":"2024-07-21T06:47:38","guid":{"rendered":"https:\/\/angelazoabogados.com\/pe\/?page_id=2422"},"modified":"2026-03-31T14:44:54","modified_gmt":"2026-03-31T19:44:54","slug":"derecho-de-danos","status":"publish","type":"page","link":"https:\/\/angellazoabogados.com\/pe\/derecho-de-danos\/","title":{"rendered":"Derecho de Da\u00f1os"},"content":{"rendered":"\n<div class=\"wp-block-uagb-container uagb-block-b7d9dbc5 alignfull uagb-is-root-container\"><div class=\"uagb-container-inner-blocks-wrap\">\n<div class=\"wp-block-uagb-info-box uagb-block-648a2585 uagb-infobox__content-wrap  uagb-infobox-icon-above-title uagb-infobox-image-valign-top\"><div class=\"uagb-ifb-content\"><div class=\"uagb-ifb-title-wrap\"><div class=\"uagb-ifb-separator\"><\/div><h1 class=\"uagb-ifb-title\"><strong>Derecho de Da\u00f1os<\/strong><\/h1><\/div><\/div><\/div>\n<\/div><\/div>\n\n\n\n<div class=\"wp-block-uagb-container uagb-block-1076fcea alignfull uagb-is-root-container\"><div class=\"uagb-container-inner-blocks-wrap\">\n<div class=\"wp-block-uagb-info-box uagb-block-1de62129 uagb-infobox__content-wrap  uagb-infobox-icon-above-title uagb-infobox-image-valign-top wp-block-uagb-info-box--has-margin\"><div class=\"uagb-infobox-margin-wrapper\"><div class=\"uagb-ifb-content\"><div class=\"uagb-ifb-title-wrap\"><div class=\"uagb-ifb-separator\"><\/div><h2 class=\"uagb-ifb-title\">Descripci\u00f3n<\/h2><\/div><p class=\"uagb-ifb-desc\">Nos especializamos en Derecho de Da\u00f1os, ofreciendo asesor\u00eda y representaci\u00f3n en casos de responsabilidad civil por da\u00f1os y perjuicios. Nuestro equipo trabaja diligentemente para obtener compensaciones justas para nuestros clientes, ya sea por da\u00f1os materiales, personales o morales. Con una s\u00f3lida experiencia en la evaluaci\u00f3n y litigaci\u00f3n de reclamaciones de da\u00f1os, nos comprometemos a proteger los derechos de las v\u00edctimas y a asegurar que reciban la indemnizaci\u00f3n adecuada. Nuestro enfoque personalizado y profesional nos permite ofrecer soluciones efectivas y adaptadas a cada caso.<\/p><\/div><\/div><\/div>\n\n\n\n<ol class=\"wp-block-list\">\n<li><strong>Indemnizaci\u00f3n de da\u00f1os y perjuicios por responsabilidad civil m\u00e9dica<\/strong>.<\/li>\n\n\n\n<li><strong>Indemnizaci\u00f3n de da\u00f1os y perjuicios por accidentes de trabajo<\/strong>.<\/li>\n\n\n\n<li><strong>Indemnizaci\u00f3n de da\u00f1os y perjuicios por accidentes de tr\u00e1nsito<\/strong>.<\/li>\n\n\n\n<li><strong>Indemnizaci\u00f3n de da\u00f1os y perjuicios por incumplimiento contractual<\/strong>.<\/li>\n\n\n\n<li><strong>Otros supuestos de responsabilidad civil<\/strong>.<\/li>\n<\/ol>\n<\/div><\/div>\n","protected":false},"excerpt":{"rendered":"","protected":false},"author":1,"featured_media":0,"parent":0,"menu_order":0,"comment_status":"closed","ping_status":"closed","template":"","meta":{"_uag_custom_page_level_css":"","site-sidebar-layout":"no-sidebar","site-content-layout":"","ast-site-content-layout":"normal-width-container","site-content-style":"unboxed","site-sidebar-style":"unboxed","ast-global-header-display":"","ast-banner-title-visibility":"","ast-main-header-display":"","ast-hfb-above-header-display":"","ast-hfb-below-header-display":"","ast-hfb-mobile-header-display":"","site-post-title":"disabled","ast-breadcrumbs-content":"","ast-featured-img":"disabled","footer-sml-layout":"","ast-disable-related-posts":"","theme-transparent-header-meta":"enabled","adv-header-id-meta":"","stick-header-meta":"","header-above-stick-meta":"","header-main-stick-meta":"","header-below-stick-meta":"","astra-migrate-meta-layouts":"set","ast-page-background-enabled":"default","ast-page-background-meta":{"desktop":{"background-color":"var(--ast-global-color-5)","background-image":"","background-repeat":"repeat","background-position":"center center","background-size":"auto","background-attachment":"scroll","background-type":"","background-media":"","overlay-type":"","overlay-color":"","overlay-opacity":"","overlay-gradient":""},"tablet":{"background-color":"","background-image":"","background-repeat":"repeat","background-position":"center center","background-size":"auto","background-attachment":"scroll","background-type":"","background-media":"","overlay-type":"","overlay-color":"","overlay-opacity":"","overlay-gradient":""},"mobile":{"background-color":"","background-image":"","background-repeat":"repeat","background-position":"center center","background-size":"auto","background-attachment":"scroll","background-type":"","background-media":"","overlay-type":"","overlay-color":"","overlay-opacity":"","overlay-gradient":""}},"ast-content-background-meta":{"desktop":{"background-color":"var(--ast-global-color-4)","background-image":"","background-repeat":"repeat","background-position":"center center","background-size":"auto","background-attachment":"scroll","background-type":"","background-media":"","overlay-type":"","overlay-color":"","overlay-opacity":"","overlay-gradient":""},"tablet":{"background-color":"var(--ast-global-color-4)","background-image":"","background-repeat":"repeat","background-position":"center center","background-size":"auto","background-attachment":"scroll","background-type":"","background-media":"","overlay-type":"","overlay-color":"","overlay-opacity":"","overlay-gradient":""},"mobile":{"background-color":"var(--ast-global-color-4)","background-image":"","background-repeat":"repeat","background-position":"center center","background-size":"auto","background-attachment":"scroll","background-type":"","background-media":"","overlay-type":"","overlay-color":"","overlay-opacity":"","overlay-gradient":""}},"footnotes":""},"class_list":["post-2422","page","type-page","status-publish","hentry"],"uagb_featured_image_src":{"full":false,"thumbnail":false,"medium":false,"medium_large":false,"large":false,"1536x1536":false,"2048x2048":false},"uagb_author_info":{"display_name":"4dm1n","author_link":"https:\/\/angellazoabogados.com\/pe\/author\/4dm1n\/"},"uagb_comment_info":0,"uagb_excerpt":null,"_links":{"self":[{"href":"https:\/\/angellazoabogados.com\/pe\/wp-json\/wp\/v2\/pages\/2422","targetHints":{"allow":["GET"]}}],"collection":[{"href":"https:\/\/angellazoabogados.com\/pe\/wp-json\/wp\/v2\/pages"}],"about":[{"href":"https:\/\/angellazoabogados.com\/pe\/wp-json\/wp\/v2\/types\/page"}],"author":[{"embeddable":true,"href":"https:\/\/angellazoabogados.com\/pe\/wp-json\/wp\/v2\/users\/1"}],"replies":[{"embeddable":true,"href":"https:\/\/angellazoabogados.com\/pe\/wp-json\/wp\/v2\/comments?post=2422"}],"version-history":[{"count":13,"href":"https:\/\/angellazoabogados.com\/pe\/wp-json\/wp\/v2\/pages\/2422\/revisions"}],"predecessor-version":[{"id":3161,"href":"https:\/\/angellazoabogados.com\/pe\/wp-json\/wp\/v2\/pages\/2422\/revisions\/3161"}],"wp:attachment":[{"href":"https:\/\/angellazoabogados.com\/pe\/wp-json\/wp\/v2\/media?parent=2422"}],"curies":[{"name":"wp","href":"https:\/\/api.w.org\/{rel}","templated":true}]}}