{"id":2404,"date":"2024-07-21T00:52:23","date_gmt":"2024-07-21T05:52:23","guid":{"rendered":"https:\/\/angelazoabogados.com\/pe\/?page_id=2404"},"modified":"2026-03-31T16:19:41","modified_gmt":"2026-03-31T21:19:41","slug":"asesoria-a-empresas","status":"publish","type":"page","link":"https:\/\/angellazoabogados.com\/pe\/asesoria-a-empresas\/","title":{"rendered":"Asesoria a Empresas"},"content":{"rendered":"\n<div class=\"wp-block-uagb-container uagb-block-b7d9dbc5 alignfull uagb-is-root-container\"><div class=\"uagb-container-inner-blocks-wrap\">\n<div class=\"wp-block-uagb-info-box uagb-block-648a2585 uagb-infobox__content-wrap  uagb-infobox-icon-above-title uagb-infobox-image-valign-top\"><div class=\"uagb-ifb-content\"><div class=\"uagb-ifb-title-wrap\"><div class=\"uagb-ifb-separator\"><\/div><h1 class=\"uagb-ifb-title\"><strong>Asesor\u00eda a Empresas<\/strong><\/h1><\/div><\/div><\/div>\n<\/div><\/div>\n\n\n\n<div class=\"wp-block-uagb-container uagb-block-13a75f80 alignfull uagb-is-root-container\"><div class=\"uagb-container-inner-blocks-wrap\">\n<div class=\"wp-block-uagb-info-box uagb-block-1de62129 uagb-infobox__content-wrap  uagb-infobox-icon-above-title uagb-infobox-image-valign-top wp-block-uagb-info-box--has-margin\"><div class=\"uagb-infobox-margin-wrapper\"><div class=\"uagb-ifb-content\"><div class=\"uagb-ifb-title-wrap\"><div class=\"uagb-ifb-separator\"><\/div><h2 class=\"uagb-ifb-title\">Asesor\u00eda Legal<\/h2><\/div><p class=\"uagb-ifb-desc\">En <strong>Angel Lazo Abogados<\/strong>, brindamos Asesor\u00eda Legal integral y especializada para satisfacer las necesidades jur\u00eddicas de nuestros clientes. Nuestro equipo de abogados expertos ofrece orientaci\u00f3n en diversas \u00e1reas del derecho, ayudando a empresas y particulares a tomar decisiones informadas y estrat\u00e9gicas. Desde la elaboraci\u00f3n y revisi\u00f3n de contratos hasta la resoluci\u00f3n de conflictos, nuestra asesor\u00eda se caracteriza por su enfoque personalizado, asegurando soluciones legales eficientes y efectivas. Con un profundo conocimiento de la normativa vigente y una vasta experiencia en el sector, en \u00c1ngel Lazo Abogados nos comprometemos a proteger sus intereses y a garantizar su seguridad jur\u00eddica en cada paso.<br><br><\/p><\/div><\/div><\/div>\n\n\n\n<div class=\"wp-block-uagb-container uagb-block-273861b9\">\n<figure class=\"wp-block-image aligncenter size-large is-resized\"><img loading=\"lazy\" decoding=\"async\" width=\"812\" height=\"1024\" src=\"https:\/\/angellazoabogados.com\/pe\/wp-content\/uploads\/2024\/08\/Asesoria-Legal_Angel-Lazo-Abogados-812x1024.jpeg\" alt=\"\" class=\"wp-image-3096\" style=\"aspect-ratio:0.7929917614068648;object-fit:contain;width:auto;height:500px\" srcset=\"https:\/\/angellazoabogados.com\/pe\/wp-content\/uploads\/2024\/08\/Asesoria-Legal_Angel-Lazo-Abogados-812x1024.jpeg 812w, https:\/\/angellazoabogados.com\/pe\/wp-content\/uploads\/2024\/08\/Asesoria-Legal_Angel-Lazo-Abogados-238x300.jpeg 238w, https:\/\/angellazoabogados.com\/pe\/wp-content\/uploads\/2024\/08\/Asesoria-Legal_Angel-Lazo-Abogados-768x968.jpeg 768w, https:\/\/angellazoabogados.com\/pe\/wp-content\/uploads\/2024\/08\/Asesoria-Legal_Angel-Lazo-Abogados-1218x1536.jpeg 1218w, https:\/\/angellazoabogados.com\/pe\/wp-content\/uploads\/2024\/08\/Asesoria-Legal_Angel-Lazo-Abogados.jpeg 1268w\" sizes=\"auto, (max-width: 812px) 100vw, 812px\" \/><\/figure>\n<\/div>\n<\/div><\/div>\n\n\n\n<div class=\"wp-block-uagb-container uagb-block-77c442a6 alignfull uagb-is-root-container\"><div class=\"uagb-container-inner-blocks-wrap\">\n<div class=\"wp-block-uagb-container uagb-block-942e6ddb\">\n<div class=\"wp-block-uagb-image alignright uagb-block-8cef1d98 wp-block-uagb-image--layout-default wp-block-uagb-image--effect-static wp-block-uagb-image--align-right\"><figure class=\"wp-block-uagb-image__figure\"><img decoding=\"async\" srcset=\"https:\/\/angellazoabogados.com\/pe\/wp-content\/uploads\/2024\/08\/Auditoria-de-procesos-judiciales-1024x479.jpeg ,https:\/\/angelazoabogados.com\/pe\/wp-content\/uploads\/2024\/08\/Auditoria-de-procesos-judiciales.jpeg 780w, https:\/\/angelazoabogados.com\/pe\/wp-content\/uploads\/2024\/08\/Auditoria-de-procesos-judiciales.jpeg 360w\" sizes=\"auto, (max-width: 480px) 150px\" src=\"https:\/\/angellazoabogados.com\/pe\/wp-content\/uploads\/2024\/08\/Auditoria-de-procesos-judiciales-1024x479.jpeg\" alt=\"\" class=\"uag-image-3083\" width=\"1024\" height=\"479\" title=\"Auditoria de procesos judiciales\" loading=\"lazy\" role=\"img\"\/><\/figure><\/div>\n<\/div>\n\n\n\n<div class=\"wp-block-uagb-info-box uagb-block-c04cfe72 uagb-infobox__content-wrap  uagb-infobox-icon-above-title uagb-infobox-image-valign-top wp-block-uagb-info-box--has-margin\"><div class=\"uagb-infobox-margin-wrapper\"><div class=\"uagb-ifb-content\"><div class=\"uagb-ifb-title-wrap\"><div class=\"uagb-ifb-separator\"><\/div><h2 class=\"uagb-ifb-title\"><strong>Auditoria de procesos judiciales<\/strong><\/h2><\/div><p class=\"uagb-ifb-desc\">En <strong>\u00c1ngel Lazo Abogados<\/strong>, ofrecemos servicios de Auditor\u00eda de Procesos Judiciales para asegurar la eficiencia y transparencia en el manejo de sus litigios. Nuestro equipo de expertos revisa detalladamente cada etapa del proceso judicial, evaluando estrategias, acciones y resultados para identificar oportunidades de mejora. A trav\u00e9s de un an\u00e1lisis minucioso y una supervisi\u00f3n continua, garantizamos que sus casos se gestionen conforme a los m\u00e1s altos est\u00e1ndares de calidad y \u00e9tica profesional. Con nuestra auditor\u00eda, no solo optimizamos el desarrollo de sus procesos judiciales, sino que tambi\u00e9n proporcionamos tranquilidad y confianza a nuestros clientes, asegurando una defensa robusta y bien fundamentada.<br><br><\/p><\/div><\/div><\/div>\n<\/div><\/div>\n","protected":false},"excerpt":{"rendered":"","protected":false},"author":1,"featured_media":0,"parent":0,"menu_order":0,"comment_status":"closed","ping_status":"closed","template":"","meta":{"_uag_custom_page_level_css":"","site-sidebar-layout":"no-sidebar","site-content-layout":"","ast-site-content-layout":"normal-width-container","site-content-style":"unboxed","site-sidebar-style":"unboxed","ast-global-header-display":"","ast-banner-title-visibility":"","ast-main-header-display":"","ast-hfb-above-header-display":"","ast-hfb-below-header-display":"","ast-hfb-mobile-header-display":"","site-post-title":"disabled","ast-breadcrumbs-content":"","ast-featured-img":"disabled","footer-sml-layout":"","ast-disable-related-posts":"","theme-transparent-header-meta":"enabled","adv-header-id-meta":"","stick-header-meta":"","header-above-stick-meta":"","header-main-stick-meta":"","header-below-stick-meta":"","astra-migrate-meta-layouts":"set","ast-page-background-enabled":"default","ast-page-background-meta":{"desktop":{"background-color":"var(--ast-global-color-5)","background-image":"","background-repeat":"repeat","background-position":"center center","background-size":"auto","background-attachment":"scroll","background-type":"","background-media":"","overlay-type":"","overlay-color":"","overlay-opacity":"","overlay-gradient":""},"tablet":{"background-color":"","background-image":"","background-repeat":"repeat","background-position":"center center","background-size":"auto","background-attachment":"scroll","background-type":"","background-media":"","overlay-type":"","overlay-color":"","overlay-opacity":"","overlay-gradient":""},"mobile":{"background-color":"","background-image":"","background-repeat":"repeat","background-position":"center center","background-size":"auto","background-attachment":"scroll","background-type":"","background-media":"","overlay-type":"","overlay-color":"","overlay-opacity":"","overlay-gradient":""}},"ast-content-background-meta":{"desktop":{"background-color":"var(--ast-global-color-4)","background-image":"","background-repeat":"repeat","background-position":"center center","background-size":"auto","background-attachment":"scroll","background-type":"","background-media":"","overlay-type":"","overlay-color":"","overlay-opacity":"","overlay-gradient":""},"tablet":{"background-color":"var(--ast-global-color-4)","background-image":"","background-repeat":"repeat","background-position":"center center","background-size":"auto","background-attachment":"scroll","background-type":"","background-media":"","overlay-type":"","overlay-color":"","overlay-opacity":"","overlay-gradient":""},"mobile":{"background-color":"var(--ast-global-color-4)","background-image":"","background-repeat":"repeat","background-position":"center center","background-size":"auto","background-attachment":"scroll","background-type":"","background-media":"","overlay-type":"","overlay-color":"","overlay-opacity":"","overlay-gradient":""}},"footnotes":""},"class_list":["post-2404","page","type-page","status-publish","hentry"],"uagb_featured_image_src":{"full":false,"thumbnail":false,"medium":false,"medium_large":false,"large":false,"1536x1536":false,"2048x2048":false},"uagb_author_info":{"display_name":"4dm1n","author_link":"https:\/\/angellazoabogados.com\/pe\/author\/4dm1n\/"},"uagb_comment_info":0,"uagb_excerpt":null,"_links":{"self":[{"href":"https:\/\/angellazoabogados.com\/pe\/wp-json\/wp\/v2\/pages\/2404","targetHints":{"allow":["GET"]}}],"collection":[{"href":"https:\/\/angellazoabogados.com\/pe\/wp-json\/wp\/v2\/pages"}],"about":[{"href":"https:\/\/angellazoabogados.com\/pe\/wp-json\/wp\/v2\/types\/page"}],"author":[{"embeddable":true,"href":"https:\/\/angellazoabogados.com\/pe\/wp-json\/wp\/v2\/users\/1"}],"replies":[{"embeddable":true,"href":"https:\/\/angellazoabogados.com\/pe\/wp-json\/wp\/v2\/comments?post=2404"}],"version-history":[{"count":28,"href":"https:\/\/angellazoabogados.com\/pe\/wp-json\/wp\/v2\/pages\/2404\/revisions"}],"predecessor-version":[{"id":3221,"href":"https:\/\/angellazoabogados.com\/pe\/wp-json\/wp\/v2\/pages\/2404\/revisions\/3221"}],"wp:attachment":[{"href":"https:\/\/angellazoabogados.com\/pe\/wp-json\/wp\/v2\/media?parent=2404"}],"curies":[{"name":"wp","href":"https:\/\/api.w.org\/{rel}","templated":true}]}}