{"id":2271,"date":"2024-07-17T12:00:42","date_gmt":"2024-07-17T17:00:42","guid":{"rendered":"https:\/\/angelazoabogados.com\/pe\/?page_id=2271"},"modified":"2026-03-31T14:54:17","modified_gmt":"2026-03-31T19:54:17","slug":"nuestros-clientes","status":"publish","type":"page","link":"https:\/\/angellazoabogados.com\/pe\/nuestros-clientes\/","title":{"rendered":"Nuestros Clientes"},"content":{"rendered":"\n<div class=\"wp-block-uagb-container uagb-block-49d17bf2 alignfull uagb-is-root-container\"><div class=\"uagb-container-inner-blocks-wrap\">\n<div class=\"wp-block-uagb-info-box uagb-block-441dcefd uagb-infobox__content-wrap  uagb-infobox-icon-above-title uagb-infobox-image-valign-top wp-block-uagb-info-box--has-margin\"><div class=\"uagb-infobox-margin-wrapper\"><div class=\"uagb-ifb-content\"><div class=\"uagb-ifb-title-wrap\"><h1 class=\"uagb-ifb-title\">NUESTROS<br>CLIENTES SATISFECHOS<\/h1><\/div><p class=\"uagb-ifb-desc\">En el ejercicio de la defensa legal que brindamos, hemos patrocinado m\u00faltiples casos<\/p><\/div><\/div><\/div>\n<\/div><\/div>\n\n\n\n<div class=\"wp-block-uagb-container uagb-block-6c4f39c7 alignfull uagb-is-root-container\"><div class=\"uagb-container-inner-blocks-wrap\">\n<div class=\"wp-block-uagb-container uagb-block-6f28a5b9 alignfull uagb-is-root-container\"><div class=\"uagb-container-inner-blocks-wrap\">\n<div class=\"wp-block-uagb-info-box uagb-block-3f86d9b8 uagb-infobox__content-wrap  uagb-infobox-icon-above-title uagb-infobox-image-valign-top wp-block-uagb-info-box--has-margin\"><div class=\"uagb-infobox-margin-wrapper\"><div class=\"uagb-ifb-content\"><div class=\"uagb-ifb-title-wrap\"><div class=\"uagb-ifb-separator\"><\/div><h2 class=\"uagb-ifb-title\">NUESTROS CLIENTES<\/h2><\/div><p class=\"uagb-ifb-desc\"><br>En el ejercicio de la defensa legal que brindamos, hemos patrocinado m\u00faltiples casos de personas naturales, funcionarios de entidades p\u00fablicas y privadas, as\u00ed como ha instituciones p\u00fablicas y privadas como.<\/p><\/div><\/div><\/div>\n\n\n\n<div class=\"wp-block-uagb-container uagb-layout-grid uagb-block-ce229897\">\n<div class=\"wp-block-uagb-image aligncenter uagb-block-f2ecac96 wp-block-uagb-image--layout-default wp-block-uagb-image--effect-static wp-block-uagb-image--align-center\"><figure class=\"wp-block-uagb-image__figure\"><a class=\"\" href=\"https:\/\/www.facebook.com\/ColegioMedicodelPeru\" target=\"_blank\" rel=\"noreferrer noopener\"><img decoding=\"async\" srcset=\"https:\/\/angellazoabogados.com\/pe\/wp-content\/uploads\/2024\/07\/Colegio-Medico-del-Peru_Clientes-de-Angelazoabogados-min.png ,https:\/\/angellazoabogados.com\/pe\/wp-content\/uploads\/2024\/07\/Colegio-Medico-del-Peru_Clientes-de-Angelazoabogados-min.png 780w, https:\/\/angellazoabogados.com\/pe\/wp-content\/uploads\/2024\/07\/Colegio-Medico-del-Peru_Clientes-de-Angelazoabogados-min.png 360w\" sizes=\"auto, (max-width: 480px) 150px\" src=\"https:\/\/angellazoabogados.com\/pe\/wp-content\/uploads\/2024\/07\/Colegio-Medico-del-Peru_Clientes-de-Angelazoabogados-min.png\" alt=\"\" class=\"uag-image-2515\" width=\"144\" height=\"80\" title=\"Colegio-M\u00e9dico-del-Per\u00fa_Clientes-de-Angelazoabogados -min\" loading=\"lazy\" role=\"img\"\/><\/a><\/figure><\/div>\n\n\n\n<div class=\"wp-block-uagb-image aligncenter uagb-block-e07678a9 wp-block-uagb-image--layout-default wp-block-uagb-image--effect-static wp-block-uagb-image--align-center\"><figure class=\"wp-block-uagb-image__figure\"><a class=\"\" href=\"https:\/\/www.facebook.com\/1551UNMSM\" target=\"_blank\" rel=\"noreferrer noopener\"><img decoding=\"async\" srcset=\"https:\/\/angellazoabogados.com\/pe\/wp-content\/uploads\/2024\/07\/Asociacion-de-Docentes-Cesantes-de-la-Universidad-Nacional-Mayor-de-San-Marcos_Cliente-de-Angelazoabogados-min.png ,https:\/\/angellazoabogados.com\/pe\/wp-content\/uploads\/2024\/07\/Asociacion-de-Docentes-Cesantes-de-la-Universidad-Nacional-Mayor-de-San-Marcos_Cliente-de-Angelazoabogados-min.png 780w, https:\/\/angellazoabogados.com\/pe\/wp-content\/uploads\/2024\/07\/Asociacion-de-Docentes-Cesantes-de-la-Universidad-Nacional-Mayor-de-San-Marcos_Cliente-de-Angelazoabogados-min.png 360w\" sizes=\"auto, (max-width: 480px) 150px\" src=\"https:\/\/angellazoabogados.com\/pe\/wp-content\/uploads\/2024\/07\/Asociacion-de-Docentes-Cesantes-de-la-Universidad-Nacional-Mayor-de-San-Marcos_Cliente-de-Angelazoabogados-min.png\" alt=\"\" class=\"uag-image-2523\" width=\"144\" height=\"80\" title=\"Asociaci\u00f3n-de-Docentes-Cesantes de-la-Universidad-Nacional-Mayor-de-San-Marcos_Cliente-de-Angelazoabogados-min\" loading=\"lazy\" role=\"img\"\/><\/a><\/figure><\/div>\n\n\n\n<div class=\"wp-block-uagb-image aligncenter uagb-block-e0c75481 wp-block-uagb-image--layout-default wp-block-uagb-image--effect-static wp-block-uagb-image--align-center\"><figure class=\"wp-block-uagb-image__figure\"><a class=\"\" href=\"https:\/\/www.facebook.com\/CongresoPeru\" target=\"_blank\" rel=\"noreferrer noopener\"><img decoding=\"async\" srcset=\"https:\/\/angellazoabogados.com\/pe\/wp-content\/uploads\/2024\/07\/Congreso-de-la-Republica_Cliente-de-Angelazoabogados-min.png ,https:\/\/angellazoabogados.com\/pe\/wp-content\/uploads\/2024\/07\/Congreso-de-la-Republica_Cliente-de-Angelazoabogados-min.png 780w, https:\/\/angellazoabogados.com\/pe\/wp-content\/uploads\/2024\/07\/Congreso-de-la-Republica_Cliente-de-Angelazoabogados-min.png 360w\" sizes=\"auto, (max-width: 480px) 150px\" src=\"https:\/\/angellazoabogados.com\/pe\/wp-content\/uploads\/2024\/07\/Congreso-de-la-Republica_Cliente-de-Angelazoabogados-min.png\" alt=\"\" class=\"uag-image-2517\" width=\"144\" height=\"80\" title=\"Congreso-de-la-Rep\u00fablica_Cliente-de-Angelazoabogados-min\" loading=\"lazy\" role=\"img\"\/><\/a><\/figure><\/div>\n\n\n\n<div class=\"wp-block-uagb-image aligncenter uagb-block-c78218ac wp-block-uagb-image--layout-default wp-block-uagb-image--effect-static wp-block-uagb-image--align-center\"><figure class=\"wp-block-uagb-image__figure\"><a class=\"\" href=\"https:\/\/www.facebook.com\/SanGabrielhco\" target=\"_blank\" rel=\"noreferrer noopener\"><img decoding=\"async\" srcset=\"https:\/\/angellazoabogados.com\/pe\/wp-content\/uploads\/2024\/07\/Clinica-San-Gabriel-Arcangel_Cliente-de-Angelazoabogados-min.png ,https:\/\/angellazoabogados.com\/pe\/wp-content\/uploads\/2024\/07\/Clinica-San-Gabriel-Arcangel_Cliente-de-Angelazoabogados-min.png 780w, https:\/\/angellazoabogados.com\/pe\/wp-content\/uploads\/2024\/07\/Clinica-San-Gabriel-Arcangel_Cliente-de-Angelazoabogados-min.png 360w\" sizes=\"auto, (max-width: 480px) 150px\" src=\"https:\/\/angellazoabogados.com\/pe\/wp-content\/uploads\/2024\/07\/Clinica-San-Gabriel-Arcangel_Cliente-de-Angelazoabogados-min.png\" alt=\"\" class=\"uag-image-2519\" width=\"144\" height=\"80\" title=\"Cl\u00ednica-San-Gabriel-Arc\u00e1ngel_Cliente-de-Angelazoabogados-min\" loading=\"lazy\" role=\"img\"\/><\/a><\/figure><\/div>\n\n\n\n<div class=\"wp-block-uagb-image aligncenter uagb-block-3ad06515 wp-block-uagb-image--layout-default wp-block-uagb-image--effect-static wp-block-uagb-image--align-center\"><figure class=\"wp-block-uagb-image__figure\"><a class=\"\" href=\"https:\/\/www.facebook.com\/cephuanucooficial\" target=\"_blank\" rel=\"noreferrer noopener\"><img decoding=\"async\" srcset=\"https:\/\/angellazoabogados.com\/pe\/wp-content\/uploads\/2024\/07\/Colegio-de-Enfermeras-Huanuco_Cliente-de-Angelazoabogados-min.png ,https:\/\/angellazoabogados.com\/pe\/wp-content\/uploads\/2024\/07\/Colegio-de-Enfermeras-Huanuco_Cliente-de-Angelazoabogados-min.png 780w, https:\/\/angellazoabogados.com\/pe\/wp-content\/uploads\/2024\/07\/Colegio-de-Enfermeras-Huanuco_Cliente-de-Angelazoabogados-min.png 360w\" sizes=\"auto, (max-width: 480px) 150px\" src=\"https:\/\/angellazoabogados.com\/pe\/wp-content\/uploads\/2024\/07\/Colegio-de-Enfermeras-Huanuco_Cliente-de-Angelazoabogados-min.png\" alt=\"\" class=\"uag-image-2518\" width=\"144\" height=\"80\" title=\"Colegio-de-Enfermeras-Hu\u00e1nuco_Cliente-de-Angelazoabogados-min\" loading=\"lazy\" role=\"img\"\/><\/a><\/figure><\/div>\n\n\n\n<div class=\"wp-block-uagb-image aligncenter uagb-block-7c45813d wp-block-uagb-image--layout-default wp-block-uagb-image--effect-static wp-block-uagb-image--align-center\"><figure class=\"wp-block-uagb-image__figure\"><a class=\"\" href=\"https:\/\/www.facebook.com\/CasCovidPeru\/\" target=\"_blank\" rel=\"noreferrer noopener\"><img decoding=\"async\" srcset=\"https:\/\/angellazoabogados.com\/pe\/wp-content\/uploads\/2024\/07\/Asociacion-Nacional-de-Extrabajadores-CAS-COVID-de-ESSALUD_Cliente-de-Angelazoabogados-min.png ,https:\/\/angellazoabogados.com\/pe\/wp-content\/uploads\/2024\/07\/Asociacion-Nacional-de-Extrabajadores-CAS-COVID-de-ESSALUD_Cliente-de-Angelazoabogados-min.png 780w, https:\/\/angellazoabogados.com\/pe\/wp-content\/uploads\/2024\/07\/Asociacion-Nacional-de-Extrabajadores-CAS-COVID-de-ESSALUD_Cliente-de-Angelazoabogados-min.png 360w\" sizes=\"auto, (max-width: 480px) 150px\" src=\"https:\/\/angellazoabogados.com\/pe\/wp-content\/uploads\/2024\/07\/Asociacion-Nacional-de-Extrabajadores-CAS-COVID-de-ESSALUD_Cliente-de-Angelazoabogados-min.png\" alt=\"\" class=\"uag-image-2521\" width=\"144\" height=\"80\" title=\"Asociaci\u00f3n-Nacional-de-Extrabajadores-CAS-COVID-de-ESSALUD_Cliente-de-Angelazoabogados-min\" loading=\"lazy\" role=\"img\"\/><\/a><\/figure><\/div>\n\n\n\n<div class=\"wp-block-uagb-image aligncenter uagb-block-e892d15d wp-block-uagb-image--layout-default wp-block-uagb-image--effect-static wp-block-uagb-image--align-center\"><figure class=\"wp-block-uagb-image__figure\"><a class=\"\" href=\"https:\/\/www.facebook.com\/ANUPPERU\/?locale=es_LA\" target=\"_blank\" rel=\"noreferrer noopener\"><img decoding=\"async\" srcset=\"https:\/\/angellazoabogados.com\/pe\/wp-content\/uploads\/2024\/07\/Asociacion-Nacional-de-Docentes-Pensionistas-de-las-Universidades-Publicas-del-Peru-ANDUPE_Cliente-Angelazoabogados-min.png ,https:\/\/angellazoabogados.com\/pe\/wp-content\/uploads\/2024\/07\/Asociacion-Nacional-de-Docentes-Pensionistas-de-las-Universidades-Publicas-del-Peru-ANDUPE_Cliente-Angelazoabogados-min.png 780w, https:\/\/angellazoabogados.com\/pe\/wp-content\/uploads\/2024\/07\/Asociacion-Nacional-de-Docentes-Pensionistas-de-las-Universidades-Publicas-del-Peru-ANDUPE_Cliente-Angelazoabogados-min.png 360w\" sizes=\"auto, (max-width: 480px) 150px\" src=\"https:\/\/angellazoabogados.com\/pe\/wp-content\/uploads\/2024\/07\/Asociacion-Nacional-de-Docentes-Pensionistas-de-las-Universidades-Publicas-del-Peru-ANDUPE_Cliente-Angelazoabogados-min.png\" alt=\"\" class=\"uag-image-2514\" width=\"143\" height=\"80\" title=\"Asociaci\u00f3n-Nacional-de-Docentes-Pensionistas-de-las-Universidades-P\u00fablicas-del-Per\u00fa-ANDUPE_Cliente-Angelazoabogados-min\" loading=\"lazy\" role=\"img\"\/><\/a><\/figure><\/div>\n\n\n\n<div class=\"wp-block-uagb-image aligncenter uagb-block-6330e19d wp-block-uagb-image--layout-default wp-block-uagb-image--effect-static wp-block-uagb-image--align-center\"><figure class=\"wp-block-uagb-image__figure\"><a class=\"\" href=\"https:\/\/www.facebook.com\/unheval.edu.pe\/\" target=\"_blank\" rel=\"noreferrer noopener\"><img decoding=\"async\" srcset=\"https:\/\/angellazoabogados.com\/pe\/wp-content\/uploads\/2024\/07\/Universidad-Nacional-Hermilio-Valdizan_Cliente-de-Angelazoabogados-min.png ,https:\/\/angellazoabogados.com\/pe\/wp-content\/uploads\/2024\/07\/Universidad-Nacional-Hermilio-Valdizan_Cliente-de-Angelazoabogados-min.png 780w, https:\/\/angellazoabogados.com\/pe\/wp-content\/uploads\/2024\/07\/Universidad-Nacional-Hermilio-Valdizan_Cliente-de-Angelazoabogados-min.png 360w\" sizes=\"auto, (max-width: 480px) 150px\" src=\"https:\/\/angellazoabogados.com\/pe\/wp-content\/uploads\/2024\/07\/Universidad-Nacional-Hermilio-Valdizan_Cliente-de-Angelazoabogados-min.png\" alt=\"\" class=\"uag-image-2520\" width=\"143\" height=\"80\" title=\"Universidad-Nacional-Hermilio-Valdiz\u00e1n_Cliente-de-Angelazoabogados-min\" loading=\"lazy\" role=\"img\"\/><\/a><\/figure><\/div>\n\n\n\n<div class=\"wp-block-uagb-image aligncenter uagb-block-994c4985 wp-block-uagb-image--layout-default wp-block-uagb-image--effect-static wp-block-uagb-image--align-center\"><figure class=\"wp-block-uagb-image__figure\"><a class=\"\" href=\"https:\/\/www.facebook.com\/gobiernoregionalhuanuco\" target=\"_blank\" rel=\"noreferrer noopener\"><img decoding=\"async\" srcset=\"https:\/\/angellazoabogados.com\/pe\/wp-content\/uploads\/2024\/07\/Gobierno-Regional-de-Huanuco_Cliente-de-Angelazoabogados-min.png ,https:\/\/angellazoabogados.com\/pe\/wp-content\/uploads\/2024\/07\/Gobierno-Regional-de-Huanuco_Cliente-de-Angelazoabogados-min.png 780w, https:\/\/angellazoabogados.com\/pe\/wp-content\/uploads\/2024\/07\/Gobierno-Regional-de-Huanuco_Cliente-de-Angelazoabogados-min.png 360w\" sizes=\"auto, (max-width: 480px) 150px\" src=\"https:\/\/angellazoabogados.com\/pe\/wp-content\/uploads\/2024\/07\/Gobierno-Regional-de-Huanuco_Cliente-de-Angelazoabogados-min.png\" alt=\"\" class=\"uag-image-2512\" width=\"143\" height=\"80\" title=\"Gobierno-Regional-de-Hu\u00e1nuco_Cliente-de-Angelazoabogados-min\" loading=\"lazy\" role=\"img\"\/><\/a><\/figure><\/div>\n\n\n\n<div class=\"wp-block-uagb-image aligncenter uagb-block-64e5b3d3 wp-block-uagb-image--layout-default wp-block-uagb-image--effect-static wp-block-uagb-image--align-center\"><figure class=\"wp-block-uagb-image__figure\"><a class=\"\" href=\"https:\/\/www.facebook.com\/municipalidadhco\" target=\"_blank\" rel=\"noreferrer noopener\"><img decoding=\"async\" srcset=\"https:\/\/angellazoabogados.com\/pe\/wp-content\/uploads\/2024\/07\/Municipalidad-Provincial-de-Huanuco_Cliente-Angelazoabogados-min.png ,https:\/\/angellazoabogados.com\/pe\/wp-content\/uploads\/2024\/07\/Municipalidad-Provincial-de-Huanuco_Cliente-Angelazoabogados-min.png 780w, https:\/\/angellazoabogados.com\/pe\/wp-content\/uploads\/2024\/07\/Municipalidad-Provincial-de-Huanuco_Cliente-Angelazoabogados-min.png 360w\" sizes=\"auto, (max-width: 480px) 150px\" src=\"https:\/\/angellazoabogados.com\/pe\/wp-content\/uploads\/2024\/07\/Municipalidad-Provincial-de-Huanuco_Cliente-Angelazoabogados-min.png\" alt=\"\" class=\"uag-image-2510\" width=\"143\" height=\"80\" title=\"Municipalidad-Provincial-de-Hu\u00e1nuco_Cliente-Angelazoabogados-min\" loading=\"lazy\" role=\"img\"\/><\/a><\/figure><\/div>\n\n\n\n<div class=\"wp-block-uagb-image aligncenter uagb-block-40c35a89 wp-block-uagb-image--layout-default wp-block-uagb-image--effect-static wp-block-uagb-image--align-center\"><figure class=\"wp-block-uagb-image__figure\"><a class=\"\" href=\"https:\/\/www.facebook.com\/MunicipalidadDistritaldePillcoMarca\" target=\"_blank\" rel=\"noreferrer noopener\"><img decoding=\"async\" srcset=\"https:\/\/angellazoabogados.com\/pe\/wp-content\/uploads\/2024\/07\/Municipalidad-Distrital-de-Pillco-Marca_Cliente-de-Angelazoabogados-min.png ,https:\/\/angellazoabogados.com\/pe\/wp-content\/uploads\/2024\/07\/Municipalidad-Distrital-de-Pillco-Marca_Cliente-de-Angelazoabogados-min.png 780w, https:\/\/angellazoabogados.com\/pe\/wp-content\/uploads\/2024\/07\/Municipalidad-Distrital-de-Pillco-Marca_Cliente-de-Angelazoabogados-min.png 360w\" sizes=\"auto, (max-width: 480px) 150px\" src=\"https:\/\/angellazoabogados.com\/pe\/wp-content\/uploads\/2024\/07\/Municipalidad-Distrital-de-Pillco-Marca_Cliente-de-Angelazoabogados-min.png\" alt=\"\" class=\"uag-image-2522\" width=\"143\" height=\"80\" title=\"Municipalidad-Distrital-de-Pillco-Marca_Cliente-de-Angelazoabogados-min\" loading=\"lazy\" role=\"img\"\/><\/a><\/figure><\/div>\n\n\n\n<div class=\"wp-block-uagb-image aligncenter uagb-block-1894c41b wp-block-uagb-image--layout-default wp-block-uagb-image--effect-static wp-block-uagb-image--align-center\"><figure class=\"wp-block-uagb-image__figure\"><a class=\"\" href=\"https:\/\/www.facebook.com\/SedaHuanucoEPS\" target=\"_blank\" rel=\"noreferrer noopener\"><img decoding=\"async\" srcset=\"https:\/\/angellazoabogados.com\/pe\/wp-content\/uploads\/2024\/07\/EPS-Seda-Huanuco-SAC_Cliente-de-Angelazoabogados-min.png ,https:\/\/angellazoabogados.com\/pe\/wp-content\/uploads\/2024\/07\/EPS-Seda-Huanuco-SAC_Cliente-de-Angelazoabogados-min.png 780w, https:\/\/angellazoabogados.com\/pe\/wp-content\/uploads\/2024\/07\/EPS-Seda-Huanuco-SAC_Cliente-de-Angelazoabogados-min.png 360w\" sizes=\"auto, (max-width: 480px) 150px\" src=\"https:\/\/angellazoabogados.com\/pe\/wp-content\/uploads\/2024\/07\/EPS-Seda-Huanuco-SAC_Cliente-de-Angelazoabogados-min.png\" alt=\"\" class=\"uag-image-2509\" width=\"193\" height=\"193\" title=\"EPS-Seda-Hu\u00e1nuco-SAC_Cliente-de-Angelazoabogados-min\" loading=\"lazy\" role=\"img\"\/><\/a><\/figure><\/div>\n\n\n\n<div class=\"wp-block-uagb-image aligncenter uagb-block-c00ead74 wp-block-uagb-image--layout-default wp-block-uagb-image--effect-static wp-block-uagb-image--align-center\"><figure class=\"wp-block-uagb-image__figure\"><a class=\"\" href=\"https:\/\/www.facebook.com\/DRDARHCO\/\" target=\"_blank\" rel=\"noreferrer noopener\"><img decoding=\"async\" srcset=\"https:\/\/angellazoabogados.com\/pe\/wp-content\/uploads\/2024\/07\/Direccion-Regional-de-Agricultura-Huanuco_Cliente-de-Angelazoabogados-min.png ,https:\/\/angellazoabogados.com\/pe\/wp-content\/uploads\/2024\/07\/Direccion-Regional-de-Agricultura-Huanuco_Cliente-de-Angelazoabogados-min.png 780w, https:\/\/angellazoabogados.com\/pe\/wp-content\/uploads\/2024\/07\/Direccion-Regional-de-Agricultura-Huanuco_Cliente-de-Angelazoabogados-min.png 360w\" sizes=\"auto, (max-width: 480px) 150px\" src=\"https:\/\/angellazoabogados.com\/pe\/wp-content\/uploads\/2024\/07\/Direccion-Regional-de-Agricultura-Huanuco_Cliente-de-Angelazoabogados-min.png\" alt=\"\" class=\"uag-image-2513\" width=\"143\" height=\"80\" title=\"Direcci\u00f3n-Regional-de-Agricultura-Hu\u00e1nuco_Cliente-de-Angelazoabogados-min\" loading=\"lazy\" role=\"img\"\/><\/a><\/figure><\/div>\n\n\n\n<div class=\"wp-block-uagb-image aligncenter uagb-block-d052931f wp-block-uagb-image--layout-default wp-block-uagb-image--effect-static wp-block-uagb-image--align-center\"><figure class=\"wp-block-uagb-image__figure\"><a class=\"\" href=\"https:\/\/www.facebook.com\/coopacSF\" target=\"_blank\" rel=\"noreferrer noopener\"><img decoding=\"async\" srcset=\"https:\/\/angellazoabogados.com\/pe\/wp-content\/uploads\/2024\/07\/Cooperativa-de-Ahorro-y-Credito-San-Francisco_Cliente-de-Angelazoabogados-min.png ,https:\/\/angellazoabogados.com\/pe\/wp-content\/uploads\/2024\/07\/Cooperativa-de-Ahorro-y-Credito-San-Francisco_Cliente-de-Angelazoabogados-min.png 780w, https:\/\/angellazoabogados.com\/pe\/wp-content\/uploads\/2024\/07\/Cooperativa-de-Ahorro-y-Credito-San-Francisco_Cliente-de-Angelazoabogados-min.png 360w\" sizes=\"auto, (max-width: 480px) 150px\" src=\"https:\/\/angellazoabogados.com\/pe\/wp-content\/uploads\/2024\/07\/Cooperativa-de-Ahorro-y-Credito-San-Francisco_Cliente-de-Angelazoabogados-min.png\" alt=\"\" class=\"uag-image-2511\" width=\"143\" height=\"80\" title=\"Cooperativa-de-Ahorro-y-Cr\u00e9dito-San-Francisco_Cliente-de-Angelazoabogados-min\" loading=\"lazy\" role=\"img\"\/><\/a><\/figure><\/div>\n\n\n\n<div class=\"wp-block-uagb-image aligncenter uagb-block-97de01a0 wp-block-uagb-image--layout-default wp-block-uagb-image--effect-static wp-block-uagb-image--align-center\"><figure class=\"wp-block-uagb-image__figure\"><a class=\"\" href=\"https:\/\/www.facebook.com\/ClinicaRoCaHCO\" target=\"_blank\" rel=\"noreferrer noopener\"><img decoding=\"async\" srcset=\"https:\/\/angellazoabogados.com\/pe\/wp-content\/uploads\/2024\/07\/Clinica-de-Corta-Estancia-ROCA_Cliente-de-Angelazoaboados-min.png ,https:\/\/angellazoabogados.com\/pe\/wp-content\/uploads\/2024\/07\/Clinica-de-Corta-Estancia-ROCA_Cliente-de-Angelazoaboados-min.png 780w, https:\/\/angellazoabogados.com\/pe\/wp-content\/uploads\/2024\/07\/Clinica-de-Corta-Estancia-ROCA_Cliente-de-Angelazoaboados-min.png 360w\" sizes=\"auto, (max-width: 480px) 150px\" src=\"https:\/\/angellazoabogados.com\/pe\/wp-content\/uploads\/2024\/07\/Clinica-de-Corta-Estancia-ROCA_Cliente-de-Angelazoaboados-min.png\" alt=\"\" class=\"uag-image-2516\" width=\"143\" height=\"80\" title=\"Cl\u00ednica-de-Corta-Estancia-ROCA_Cliente-de-Angelazoaboados-min\" loading=\"lazy\" role=\"img\"\/><\/a><\/figure><\/div>\n<\/div>\n<\/div><\/div>\n<\/div><\/div>\n","protected":false},"excerpt":{"rendered":"","protected":false},"author":1,"featured_media":0,"parent":0,"menu_order":0,"comment_status":"closed","ping_status":"closed","template":"","meta":{"_uag_custom_page_level_css":"","site-sidebar-layout":"no-sidebar","site-content-layout":"","ast-site-content-layout":"normal-width-container","site-content-style":"unboxed","site-sidebar-style":"unboxed","ast-global-header-display":"","ast-banner-title-visibility":"","ast-main-header-display":"","ast-hfb-above-header-display":"","ast-hfb-below-header-display":"","ast-hfb-mobile-header-display":"","site-post-title":"disabled","ast-breadcrumbs-content":"","ast-featured-img":"disabled","footer-sml-layout":"","ast-disable-related-posts":"","theme-transparent-header-meta":"enabled","adv-header-id-meta":"","stick-header-meta":"","header-above-stick-meta":"","header-main-stick-meta":"","header-below-stick-meta":"","astra-migrate-meta-layouts":"set","ast-page-background-enabled":"default","ast-page-background-meta":{"desktop":{"background-color":"var(--ast-global-color-5)","background-image":"","background-repeat":"repeat","background-position":"center center","background-size":"auto","background-attachment":"scroll","background-type":"","background-media":"","overlay-type":"","overlay-color":"","overlay-opacity":"","overlay-gradient":""},"tablet":{"background-color":"","background-image":"","background-repeat":"repeat","background-position":"center center","background-size":"auto","background-attachment":"scroll","background-type":"","background-media":"","overlay-type":"","overlay-color":"","overlay-opacity":"","overlay-gradient":""},"mobile":{"background-color":"","background-image":"","background-repeat":"repeat","background-position":"center center","background-size":"auto","background-attachment":"scroll","background-type":"","background-media":"","overlay-type":"","overlay-color":"","overlay-opacity":"","overlay-gradient":""}},"ast-content-background-meta":{"desktop":{"background-color":"var(--ast-global-color-4)","background-image":"","background-repeat":"repeat","background-position":"center center","background-size":"auto","background-attachment":"scroll","background-type":"","background-media":"","overlay-type":"","overlay-color":"","overlay-opacity":"","overlay-gradient":""},"tablet":{"background-color":"var(--ast-global-color-4)","background-image":"","background-repeat":"repeat","background-position":"center center","background-size":"auto","background-attachment":"scroll","background-type":"","background-media":"","overlay-type":"","overlay-color":"","overlay-opacity":"","overlay-gradient":""},"mobile":{"background-color":"var(--ast-global-color-4)","background-image":"","background-repeat":"repeat","background-position":"center center","background-size":"auto","background-attachment":"scroll","background-type":"","background-media":"","overlay-type":"","overlay-color":"","overlay-opacity":"","overlay-gradient":""}},"footnotes":""},"class_list":["post-2271","page","type-page","status-publish","hentry"],"uagb_featured_image_src":{"full":false,"thumbnail":false,"medium":false,"medium_large":false,"large":false,"1536x1536":false,"2048x2048":false},"uagb_author_info":{"display_name":"4dm1n","author_link":"https:\/\/angellazoabogados.com\/pe\/author\/4dm1n\/"},"uagb_comment_info":0,"uagb_excerpt":null,"_links":{"self":[{"href":"https:\/\/angellazoabogados.com\/pe\/wp-json\/wp\/v2\/pages\/2271","targetHints":{"allow":["GET"]}}],"collection":[{"href":"https:\/\/angellazoabogados.com\/pe\/wp-json\/wp\/v2\/pages"}],"about":[{"href":"https:\/\/angellazoabogados.com\/pe\/wp-json\/wp\/v2\/types\/page"}],"author":[{"embeddable":true,"href":"https:\/\/angellazoabogados.com\/pe\/wp-json\/wp\/v2\/users\/1"}],"replies":[{"embeddable":true,"href":"https:\/\/angellazoabogados.com\/pe\/wp-json\/wp\/v2\/comments?post=2271"}],"version-history":[{"count":12,"href":"https:\/\/angellazoabogados.com\/pe\/wp-json\/wp\/v2\/pages\/2271\/revisions"}],"predecessor-version":[{"id":3171,"href":"https:\/\/angellazoabogados.com\/pe\/wp-json\/wp\/v2\/pages\/2271\/revisions\/3171"}],"wp:attachment":[{"href":"https:\/\/angellazoabogados.com\/pe\/wp-json\/wp\/v2\/media?parent=2271"}],"curies":[{"name":"wp","href":"https:\/\/api.w.org\/{rel}","templated":true}]}}