{"id":2270,"date":"2024-07-17T12:00:42","date_gmt":"2024-07-17T17:00:42","guid":{"rendered":"https:\/\/angelazoabogados.com\/pe\/?page_id=2270"},"modified":"2026-03-31T16:58:49","modified_gmt":"2026-03-31T21:58:49","slug":"nuestras-conferencias","status":"publish","type":"page","link":"https:\/\/angellazoabogados.com\/pe\/nuestras-conferencias\/","title":{"rendered":"CONFERENCIAS"},"content":{"rendered":"\n<div class=\"wp-block-uagb-container uagb-block-49d17bf2 alignfull uagb-is-root-container\"><div class=\"uagb-container-inner-blocks-wrap\">\n<div class=\"wp-block-uagb-info-box uagb-block-441dcefd uagb-infobox__content-wrap  uagb-infobox-icon-above-title uagb-infobox-image-valign-top wp-block-uagb-info-box--has-margin\"><div class=\"uagb-infobox-margin-wrapper\"><div class=\"uagb-ifb-content\"><div class=\"uagb-ifb-title-wrap\"><h1 class=\"uagb-ifb-title\">NUESTRAS<br>CONFERENCIAS LEGALES<\/h1><\/div><p class=\"uagb-ifb-desc\">como parte de su trayectoria acad\u00e9mica los integrantes de nuestra firma legal son invitados ha participar como expositores<\/p><\/div><\/div><\/div>\n<\/div><\/div>\n\n\n\n<div class=\"wp-block-uagb-container uagb-block-beb3ac1d alignfull uagb-is-root-container\"><div class=\"uagb-container-inner-blocks-wrap\">\n<div class=\"wp-block-uagb-info-box uagb-block-fb3f8749 uagb-infobox__content-wrap  uagb-infobox-icon-above-title uagb-infobox-image-valign-top\"><div class=\"uagb-ifb-content\"><div class=\"uagb-ifb-title-wrap\"><div class=\"uagb-ifb-separator\"><\/div><h2 class=\"uagb-ifb-title\"><strong>Experiencia Destacada: Expositores en Eventos Acad\u00e9micos y Defensores de Casos Emblem\u00e1ticos<\/strong><\/h2><\/div><p class=\"uagb-ifb-desc\">En <strong>Angel Lazo Abogados<\/strong>, como parte de su trayectoria acad\u00e9mica los integrantes de nuestra firma legal son invitados ha participar como expositores en eventos de acad\u00e9micos de car\u00e1cter nacional e internacional, o han participado en la defensa de casos emblem\u00e1ticos que han sido transmitidos por los principales medios de comunicaci\u00f3n de nuestro pa\u00eds.<\/p><\/div><\/div>\n\n\n\n<div class=\"wp-block-uagb-container uag-hide-mob uagb-block-aca380fe alignfull uagb-is-root-container\"><div class=\"uagb-container-inner-blocks-wrap\">\n<div class=\"wp-block-uagb-container uagb-block-f571e667\">\n<div class=\"wp-block-uagb-advanced-heading uagb-block-f0f67cb5\"><h3 class=\"uagb-heading-text\">I Taller de Capacitaci\u00f3n para el M\u00e9dico Jove<\/h3><p class=\"uagb-desc-text\">I Taller de Capacitaci\u00f3n para el M\u00e9dico Joven, organizado por el Colegio M\u00e9dico del Per\u00fa, Tema: Contratos Laborales en el R\u00e9gimen del D.L 276 y D.L. 728.<br><br><br><\/p><\/div>\n<\/div>\n\n\n\n<div class=\"wp-block-uagb-container uagb-block-41161908\">\n<div class=\"wp-block-uagb-advanced-heading uagb-block-f0f772bf\"><h3 class=\"uagb-heading-text\">Informe Oral sobre caso de Indemnizaci\u00f3n por enriquecimiento sin causa<\/h3><p class=\"uagb-desc-text\">Informe Oral sobre caso de Indemnizaci\u00f3n por enriquecimiento sin causa por m\u00e1s de medio mill\u00f3n de soles contra el Ministerio P\u00fablico, realizado por el socio fundador de nuestra firma legal y que fue trasmitido por el canal oficial del Poder Judicial, Justicia TV.<\/p><\/div>\n<\/div>\n<\/div><\/div>\n\n\n\n<div class=\"wp-block-uagb-container uagb-block-66086464 alignfull uagb-is-root-container\"><div class=\"uagb-container-inner-blocks-wrap\">\n<div class=\"wp-block-uagb-container uag-hide-desktop uagb-block-46ac13ac\"><\/div>\n\n\n\n<div class=\"wp-block-uagb-container uagb-block-ca710a83\">\n<iframe loading=\"lazy\" src=\"https:\/\/www.facebook.com\/plugins\/video.php?height=314&#038;href=https%3A%2F%2Fwww.facebook.com%2FColegioMedicodelPeru%2Fvideos%2F1124392721933016%2F&#038;show_text=true&#038;width=560&#038;t=0\" width=\"560\" height=\"429\" style=\"border:none;overflow:hidden\" scrolling=\"no\" frameborder=\"0\" allowfullscreen=\"true\" allow=\"autoplay; clipboard-write; encrypted-media; picture-in-picture; web-share\" allowFullScreen=\"true\"><\/iframe>\n<\/div>\n\n\n\n<div class=\"wp-block-uagb-container uag-hide-desktop uagb-block-6fd42df8\"><\/div>\n\n\n\n<div class=\"wp-block-uagb-container uagb-block-8f50a3df\">\n<iframe loading=\"lazy\" src=\"https:\/\/www.facebook.com\/plugins\/video.php?height=314&#038;href=https%3A%2F%2Fwww.facebook.com%2F104075654639848%2Fvideos%2F710044570329603%2F&#038;show_text=true&#038;width=560&#038;t=281\" width=\"560\" height=\"429\" style=\"border:none;overflow:hidden\" scrolling=\"no\" frameborder=\"0\" allowfullscreen=\"true\" allow=\"autoplay; clipboard-write; encrypted-media; picture-in-picture; web-share\" allowFullScreen=\"true\"><\/iframe>\n<\/div>\n<\/div><\/div>\n\n\n\n<div class=\"wp-block-uagb-container uag-hide-mob uagb-block-39374c15 alignfull uagb-is-root-container\"><div class=\"uagb-container-inner-blocks-wrap\">\n<div class=\"wp-block-uagb-container uagb-block-5cd3c7a9\">\n<div class=\"wp-block-uagb-advanced-heading uagb-block-a5b9c988\"><h3 class=\"uagb-heading-text\">Informe oral ante la Corte Suprema<\/h3><\/div>\n<\/div>\n\n\n\n<div class=\"wp-block-uagb-container uagb-block-f9880c01\">\n<div class=\"wp-block-uagb-advanced-heading uagb-block-e03c6c12 uag-hide-desktop uag-hide-tab uag-hide-mob\"><\/div>\n<\/div>\n<\/div><\/div>\n\n\n\n<div class=\"wp-block-uagb-container uagb-block-a6cba975 alignfull uagb-is-root-container\"><div class=\"uagb-container-inner-blocks-wrap\">\n<div class=\"wp-block-uagb-container uag-hide-desktop uagb-block-f8a820b4\">\n<div class=\"wp-block-uagb-advanced-heading uagb-block-e1e1d73b uag-hide-desktop\"><h3 class=\"uagb-heading-text\">Informe oral ante la Corte Suprema<\/h3><\/div>\n<\/div>\n\n\n\n<div class=\"wp-block-uagb-container uagb-block-aa379f85\">\n<iframe loading=\"lazy\" src=\"https:\/\/www.facebook.com\/plugins\/post.php?href=https%3A%2F%2Fwww.facebook.com%2Fpermalink.php%3Fstory_fbid%3Dpfbid02CRYepMyBKEpZhEqTThjztXC8HT6axXQfHycCbCKXk2Qr6ZMex8idpwDU6Tfv4AyCl%26id%3D100057331634412&#038;show_text=true&#038;width=500\" width=\"500\" height=\"812\" style=\"border:none;overflow:hidden\" scrolling=\"no\" frameborder=\"0\" allowfullscreen=\"true\" allow=\"autoplay; clipboard-write; encrypted-media; picture-in-picture; web-share\"><\/iframe>\n<\/div>\n\n\n\n<div class=\"wp-block-uagb-container uag-hide-desktop uagb-block-4f8a8b70\">\n<div class=\"wp-block-uagb-advanced-heading uagb-block-8d959956 uag-hide-desktop uag-hide-tab uag-hide-mob\"><\/div>\n<\/div>\n\n\n\n<div class=\"wp-block-uagb-container uagb-block-0f4e6486\"><\/div>\n<\/div><\/div>\n<\/div><\/div>\n","protected":false},"excerpt":{"rendered":"<p>I Taller de Capacitaci\u00f3n para el M\u00e9dico Jove I Taller de Capacitaci\u00f3n para el M\u00e9dico Joven, organizado por el Colegio M\u00e9dico del Per\u00fa, Tema: Contratos Laborales en el R\u00e9gimen del D.L 276 y D.L. 728. Informe Oral sobre caso de Indemnizaci\u00f3n por enriquecimiento sin causa Informe Oral sobre caso de Indemnizaci\u00f3n por enriquecimiento sin causa [&hellip;]<\/p>\n","protected":false},"author":1,"featured_media":0,"parent":0,"menu_order":0,"comment_status":"closed","ping_status":"closed","template":"","meta":{"_uag_custom_page_level_css":"","site-sidebar-layout":"no-sidebar","site-content-layout":"","ast-site-content-layout":"normal-width-container","site-content-style":"unboxed","site-sidebar-style":"unboxed","ast-global-header-display":"","ast-banner-title-visibility":"","ast-main-header-display":"","ast-hfb-above-header-display":"","ast-hfb-below-header-display":"","ast-hfb-mobile-header-display":"","site-post-title":"disabled","ast-breadcrumbs-content":"","ast-featured-img":"","footer-sml-layout":"","ast-disable-related-posts":"","theme-transparent-header-meta":"enabled","adv-header-id-meta":"","stick-header-meta":"","header-above-stick-meta":"","header-main-stick-meta":"","header-below-stick-meta":"","astra-migrate-meta-layouts":"set","ast-page-background-enabled":"default","ast-page-background-meta":{"desktop":{"background-color":"var(--ast-global-color-5)","background-image":"","background-repeat":"repeat","background-position":"center center","background-size":"auto","background-attachment":"scroll","background-type":"","background-media":"","overlay-type":"","overlay-color":"","overlay-opacity":"","overlay-gradient":""},"tablet":{"background-color":"","background-image":"","background-repeat":"repeat","background-position":"center center","background-size":"auto","background-attachment":"scroll","background-type":"","background-media":"","overlay-type":"","overlay-color":"","overlay-opacity":"","overlay-gradient":""},"mobile":{"background-color":"","background-image":"","background-repeat":"repeat","background-position":"center center","background-size":"auto","background-attachment":"scroll","background-type":"","background-media":"","overlay-type":"","overlay-color":"","overlay-opacity":"","overlay-gradient":""}},"ast-content-background-meta":{"desktop":{"background-color":"var(--ast-global-color-4)","background-image":"","background-repeat":"repeat","background-position":"center center","background-size":"auto","background-attachment":"scroll","background-type":"","background-media":"","overlay-type":"","overlay-color":"","overlay-opacity":"","overlay-gradient":""},"tablet":{"background-color":"var(--ast-global-color-4)","background-image":"","background-repeat":"repeat","background-position":"center center","background-size":"auto","background-attachment":"scroll","background-type":"","background-media":"","overlay-type":"","overlay-color":"","overlay-opacity":"","overlay-gradient":""},"mobile":{"background-color":"var(--ast-global-color-4)","background-image":"","background-repeat":"repeat","background-position":"center center","background-size":"auto","background-attachment":"scroll","background-type":"","background-media":"","overlay-type":"","overlay-color":"","overlay-opacity":"","overlay-gradient":""}},"footnotes":""},"class_list":["post-2270","page","type-page","status-publish","hentry"],"uagb_featured_image_src":{"full":false,"thumbnail":false,"medium":false,"medium_large":false,"large":false,"1536x1536":false,"2048x2048":false},"uagb_author_info":{"display_name":"4dm1n","author_link":"https:\/\/angellazoabogados.com\/pe\/author\/4dm1n\/"},"uagb_comment_info":0,"uagb_excerpt":"I Taller de Capacitaci\u00f3n para el M\u00e9dico Jove I Taller de Capacitaci\u00f3n para el M\u00e9dico Joven, organizado por el Colegio M\u00e9dico del Per\u00fa, Tema: Contratos Laborales en el R\u00e9gimen del D.L 276 y D.L. 728. Informe Oral sobre caso de Indemnizaci\u00f3n por enriquecimiento sin causa Informe Oral sobre caso de Indemnizaci\u00f3n por enriquecimiento sin causa&hellip;","_links":{"self":[{"href":"https:\/\/angellazoabogados.com\/pe\/wp-json\/wp\/v2\/pages\/2270","targetHints":{"allow":["GET"]}}],"collection":[{"href":"https:\/\/angellazoabogados.com\/pe\/wp-json\/wp\/v2\/pages"}],"about":[{"href":"https:\/\/angellazoabogados.com\/pe\/wp-json\/wp\/v2\/types\/page"}],"author":[{"embeddable":true,"href":"https:\/\/angellazoabogados.com\/pe\/wp-json\/wp\/v2\/users\/1"}],"replies":[{"embeddable":true,"href":"https:\/\/angellazoabogados.com\/pe\/wp-json\/wp\/v2\/comments?post=2270"}],"version-history":[{"count":27,"href":"https:\/\/angellazoabogados.com\/pe\/wp-json\/wp\/v2\/pages\/2270\/revisions"}],"predecessor-version":[{"id":3233,"href":"https:\/\/angellazoabogados.com\/pe\/wp-json\/wp\/v2\/pages\/2270\/revisions\/3233"}],"wp:attachment":[{"href":"https:\/\/angellazoabogados.com\/pe\/wp-json\/wp\/v2\/media?parent=2270"}],"curies":[{"name":"wp","href":"https:\/\/api.w.org\/{rel}","templated":true}]}}